{"id":15442,"date":"2024-08-26T07:38:44","date_gmt":"2024-08-26T07:38:44","guid":{"rendered":"https:\/\/nrsbesp.wpenginepowered.com\/for-professional\/types-of-certifications\/"},"modified":"2026-04-20T15:05:43","modified_gmt":"2026-04-20T15:05:43","slug":"types-of-certifications","status":"publish","type":"page","link":"https:\/\/nrsb.org\/es\/for-professional\/types-of-certifications\/","title":{"rendered":"Types of certifications"},"content":{"rendered":"\n\n\t<p>A continuaci\u00f3n se detallan los diferentes tipos de certificaciones que ofrece el NRSB. Haz clic en un t\u00edtulo para mostrar la descripci\u00f3n.<\/p>\n<p>La lista incluye Especialista en medici\u00f3n de rad\u00f3n (RMS), T\u00e9cnico en medici\u00f3n de Rad\u00f3n (RMT), Especialista en mitigaci\u00f3n de rad\u00f3n (RRS), Acreditaci\u00f3n para laboratorios (ARL) y C\u00e1maras (CHM o TRC).<\/p>\n\t\t\t\t\t\t\t\t\t\t<h4 tabindex=\"0\">T\u00e9cnico en medici\u00f3n de rad\u00f3n (RMT)<\/h4>\n<p><strong>$125\/a\u00f1o o $200\/dos a\u00f1os <br \/><\/strong>La T\u00e9cnicos en medici\u00f3n de rad\u00f3n son personas capacitadas y certificadas en los fundamentos para hacer pruebas de rad\u00f3n. Esto requiere una comprensi\u00f3n b\u00e1sica del rad\u00f3n y sus riesgos asociados para la salud, as\u00ed como un conocimiento profundo de las t\u00e9cnicas de medici\u00f3n y los protocolos de prueba.<\/p>\n<p>La certificaci\u00f3n como T\u00e9cnico de medici\u00f3n de rad\u00f3n del NRSB (Junta Nacional de Seguridad de Rad\u00f3n) requiere:<\/p>\n<ul>\n<li>Ocho horas de formaci\u00f3n presencial sobre la naturaleza del rad\u00f3n, la entrada de rad\u00f3n en los edificios, los riesgos fundamentales del rad\u00f3n para la salud, la salud y la seguridad ocupacionales, los dispositivos y t\u00e9cnicas de medici\u00f3n y los protocolos actuales del rad\u00f3n.<\/li>\n<li>Aprobaci\u00f3n satisfactoria del examen basado en esta informaci\u00f3n.<\/li>\n<li>Cuatro horas de educaci\u00f3n continua por a\u00f1o de certificaci\u00f3n.<\/li>\n<li>Cumplimiento del c\u00f3digo de \u00e9tica del NRSB (Junta Nacional de Seguridad de Rad\u00f3n).<\/li>\n<\/ul>\n<p>Los t\u00e9cnicos de medici\u00f3n est\u00e1n capacitados para colocar y recuperar dispositivos de medici\u00f3n con el fin de recopilar datos de rad\u00f3n. Esto debe hacerse de acuerdo con un programa activo de control de calidad bajo la supervisi\u00f3n de un Especialista certificado en medici\u00f3n de rad\u00f3n (RMS, por sus siglas en ingl\u00e9s) o un Laboratorio de rad\u00f3n acreditado (ARL, por sus siglas en ingl\u00e9s). Un T\u00e9cnico en medici\u00f3n de rad\u00f3n puede supervisar el programa exhaustivo de control de calidad (QAP) solo para servicios de medici\u00f3n autoprovistos. Un Especialista en medici\u00f3n de rad\u00f3n debe supervisar el QAP para cualquier otro tipo de servicio de medici\u00f3n, incluidos los servicios de laboratorio y c\u00e1mara.<\/p>\n\t\t\t\t\t\t\t\t\t\t<h4 tabindex=\"0\">Especialista en medici\u00f3n de rad\u00f3n (RMS)<\/h4>\n<p><strong>$125\/a\u00f1o o $200\/dos<\/strong> <br \/>a\u00f1os La certificaci\u00f3n por parte del NRSB (Junta Nacional de Seguridad de Rad\u00f3n) como Especialista en medici\u00f3n de rad\u00f3n requiere conocimientos significativamente m\u00e1s profundos que los de un t\u00e9cnico. Adem\u00e1s de la capacitaci\u00f3n b\u00e1sica en los fundamentos relacionados con las mediciones de rad\u00f3n, un Especialista en medici\u00f3n de rad\u00f3n (RMS) certificado debe demostrar conocimientos b\u00e1sicos de la f\u00edsica de la radiaci\u00f3n, una comprensi\u00f3n de la evaluaci\u00f3n de riesgos, la evidencia epidemiol\u00f3gica de los riesgos del rad\u00f3n para la salud y las diferencias entre varios dispositivos y t\u00e9cnicas para medir el rad\u00f3n y los productos de la descomposici\u00f3n del rad\u00f3n. El Especialista en medici\u00f3n de rad\u00f3n certificado por el NRSB tambi\u00e9n debe comprender la importancia de la seguridad radiol\u00f3gica y ser capaz de dise\u00f1ar e implementar un programa de control de calidad.<\/p>\n<p><strong>Para estar certificado como Especialista en medici\u00f3n de rad\u00f3n por el NRSB, los candidatos deben cumplir con los siguientes requisitos:<\/strong><\/p>\n<ul>\n<li>Diecis\u00e9is horas de formaci\u00f3n presencial sobre la naturaleza del rad\u00f3n, la entrada de rad\u00f3n en los edificios, los riesgos fundamentales del rad\u00f3n para la salud, la salud y la seguridad ocupacionales, los dispositivos y t\u00e9cnicas de medici\u00f3n y los protocolos actuales de rad\u00f3n.<\/li>\n<li>Aprobaci\u00f3n satisfactoria de un examen basado en esta informaci\u00f3n.<\/li>\n<li>Ocho horas de educaci\u00f3n continua por cada a\u00f1o de certificaci\u00f3n.<\/li>\n<li>Cumplimiento del c\u00f3digo de \u00e9tica del NRSB (Junta Nacional de Seguridad de Rad\u00f3n).<\/li>\n<\/ul>\n<p>Los Especialistas en medici\u00f3n de rad\u00f3n est\u00e1n capacitados para analizar, en lugar de simplemente informar, las mediciones de rad\u00f3n de manera congruente con el conocimiento actual.<\/p>\n\t\t\t\t\t\t\t\t\t\t<h4 tabindex=\"0\">Especialista en mitigaci\u00f3n de rad\u00f3n (RRS)<\/h4>\n<p><strong>$125\/a\u00f1o o $200\/dos<\/strong> <br \/>a\u00f1os Los requisitos del NRSB para obtener la certificaci\u00f3n como Especialista en mitigaci\u00f3n de rad\u00f3n (RRS) son esencialmente iguales a los establecidos por el Programa de competencia de rad\u00f3n de la EPA para la mitigaci\u00f3n de rad\u00f3n. Para obtener la certificaci\u00f3n, los candidatos deben tener conocimientos pr\u00e1cticos de las t\u00e9cnicas de medici\u00f3n del rad\u00f3n y los riesgos para la salud y deben demostrar un amplio conocimiento en todos los aspectos de la mitigaci\u00f3n del rad\u00f3n residencial.<\/p>\n<p><strong>Los requisitos para obtener la certificaci\u00f3n como Especialista en mitigaci\u00f3n de rad\u00f3n son:<\/strong><\/p>\n<ul>\n<li>Veinticuatro horas de entrenamiento en mitigaci\u00f3n, incluidas no menos de ocho horas de experiencia pr\u00e1ctica.<\/li>\n<li>Diecis\u00e9is horas de capacitaci\u00f3n en medici\u00f3n.<\/li>\n<li>Aprobaci\u00f3n satisfactoria de un examen basado en esta informaci\u00f3n.<\/li>\n<li>Ocho horas de educaci\u00f3n continua por cada a\u00f1o de certificaci\u00f3n.<\/li>\n<li>Cumplimiento del C\u00f3digo de \u00c9tica del NRSB (Junta Nacional de Seguridad de Rad\u00f3n).<\/li>\n<\/ul>\n<p>Esto incluye la capacidad de evaluar la calidad de las mediciones de rad\u00f3n, evaluar estrategias alternativas de mitigaci\u00f3n y dise\u00f1ar e instalar adecuadamente sistemas de control efectivos.<\/p>\n\t\t\t\t\t\t\t\t\t\t<h4 tabindex=\"0\">Acreditaci\u00f3n para laboratorios de rad\u00f3n (ARL, por sus siglas en ingl\u00e9s)<\/h4>\n<p><strong>$125\/a\u00f1o o $200\/dos<\/strong> <br \/>a\u00f1os Para obtener la acreditaci\u00f3n del NRSB (Junta Nacional de Seguridad de Rad\u00f3n), los laboratorios deber\u00e1n demostrar que tienen programas exhaustivos de control de calidad (QAP, por sus siglas en ingl\u00e9s) y procedimientos operativos est\u00e1ndar (SOP, por sus siglas en ingl\u00e9s) claramente definidos.<\/p>\n<p><strong>Esos QAP y SOP deben cubrir todos los aspectos de las operaciones del laboratorio y deben:<\/strong><\/p>\n<ul>\n<li>Establecer educaci\u00f3n, capacitaci\u00f3n y un programa de seguridad de rad\u00f3n adecuados para todo el personal del laboratorio.<\/li>\n<li>Asegurar que todo el personal cumpla con el QAP del laboratorio.<\/li>\n<li>Incluir pruebas ciegas e intercomparaciones con otros laboratorios acreditados por el NRSB; los laboratorios, las c\u00e1maras de rad\u00f3n o los laboratorios federales deben realizarse de forma rutinaria.<\/li>\n<li>Los QAP deben incluir medidas adecuadas de control de calidad, incluidos blancos, duplicados y picos, para determinar los l\u00edmites inferiores de detecci\u00f3n, la precisi\u00f3n y la exactitud de las mediciones.<\/li>\n<\/ul>\n<p>Los solicitantes deben especificar qu\u00e9 dispositivos utiliza el laboratorio para realizar el an\u00e1lisis de rad\u00f3n y mencionar el c\u00f3digo NRSB de cada uno de los dispositivos en la solicitud.<\/p>\n<p>Los laboratorios deben presentar los resultados actuales de la prueba de competencia de todos los dispositivos utilizados para realizar el an\u00e1lisis de rad\u00f3n y para los cuales la ARL debe mantener un listado de competencia (como carb\u00f3n activado, centelleo l\u00edquido, c\u00e1mara de iones electret, pista alfa, monitor continuo de rad\u00f3n y monitor continuo de nivel de trabajo). Para realizar una prueba de competencia, los laboratorios acreditados deben enviar los dispositivos a una c\u00e1mara de rad\u00f3n secundaria acreditada para determinar su exposici\u00f3n a concentraciones conocidas. Se espera que los laboratorios acreditados proporcionen resultados de medici\u00f3n que est\u00e9n dentro de un rango de\u00a0+\u00a025% del valor objetivo.<\/p>\n<p>Un Especialista en medici\u00f3n de rad\u00f3n (RMS) del NRSB debe estar afiliado al laboratorio y aparecer en la solicitud. Los requisitos de certificaci\u00f3n en RMS se mencionan anteriormente.<\/p>\n<p>A la espera de la implementaci\u00f3n de criterios formales y detallados para la acreditaci\u00f3n de laboratorios, el NRSB aceptar\u00e1 solicitudes de acreditaci\u00f3n provisional de laboratorios basadas en la acreditaci\u00f3n estatal o la inclusi\u00f3n en la lista de la Agencia de Protecci\u00f3n Ambiental de Estados Unidos (USEPA, por sus siglas en ingl\u00e9s).<\/p>\n\t\t\t\t\t\t\t\t\t\t<h4 tabindex=\"0\">Acreditaci\u00f3n para c\u00e1maras de rad\u00f3n (CHM o TRC)<\/h4>\n\t\t\t\t\t<p><strong>Certificaci\u00f3n inicial para c\u00e1maras terciarias: $400\u00a0 \u00a0 \u00a0 \u00a0 Renovaci\u00f3n: $250\/a\u00f1o <br \/>Certificaci\u00f3n inicial para c\u00e1maras secundarias: $600\u00a0 \u00a0Renovaci\u00f3n: $350\/a\u00f1o<\/strong> <br \/>El objetivo de acreditar las c\u00e1maras de rad\u00f3n es establecer criterios para garantizar que los dispositivos de medici\u00f3n sean capaces de funcionar de manera predecible en una amplia gama de condiciones ambientales. Una c\u00e1mara debe poder simular de manera sistem\u00e1tica y confiable condiciones similares a las encontradas en las pruebas reales de rad\u00f3n.<\/p>\n<p><strong>Los criterios b\u00e1sicos para la acreditaci\u00f3n de las c\u00e1maras incluyen:<\/strong><\/p>\n<ul>\n<li>Capacidad suficiente para evaluar m\u00faltiples instrumentos simult\u00e1neamente.<\/li>\n<li>Controles ambientales variables capaces de simular y monitorear continuamente una variedad de condiciones ambientales, incluida la temperatura, la humedad, la ventilaci\u00f3n y la concentraci\u00f3n de part\u00edculas.<\/li>\n<li>Fuentes de RA-226 puro y tor\u00f3n rastreables a un laboratorio oficial de est\u00e1ndares.<\/li>\n<li>Concentraciones variables de rad\u00f3n de 2\u00a0pCi\/L a 50\u00a0pCi\/L con progenie de rad\u00f3n en el rango de 0.0001 a 0.4\u00a0WL, rastreables a una agencia oficial; es conveniente una relaci\u00f3n de equilibrio variable de 0.3 a 0.7.<\/li>\n<li>Los est\u00e1ndares de radiaci\u00f3n deben aplicarse estrictamente para minimizar las exposiciones ocupacionales.<\/li>\n<li>Operadores de c\u00e1mara calificados con una amplia experiencia y conocimiento en el desarrollo de instrumentos, el uso de protocolos y conocimientos profundos de los procedimientos de control de calidad.<\/li>\n<li>Un programa de intercomparaciones para c\u00e1maras.<\/li>\n<\/ul>\n\n","protected":false},"excerpt":{"rendered":"<p>A continuaci\u00f3n se detallan los diferentes tipos de certificaciones que ofrece el NRSB. Haz clic en un t\u00edtulo para mostrar la descripci\u00f3n. La lista incluye Especialista en medici\u00f3n de rad\u00f3n (RMS), T\u00e9cnico en medici\u00f3n de Rad\u00f3n (RMT), Especialista en mitigaci\u00f3n de rad\u00f3n (RRS), Acreditaci\u00f3n para laboratorios (ARL) y C\u00e1maras (CHM o TRC). T\u00e9cnico en medici\u00f3n&hellip;<\/p>\n","protected":false},"author":2,"featured_media":0,"parent":15386,"menu_order":0,"comment_status":"closed","ping_status":"closed","template":"","meta":{"_acf_changed":false,"inline_featured_image":false,"footnotes":""},"class_list":["post-15442","page","type-page","status-publish","hentry"],"acf":[],"_links":{"self":[{"href":"https:\/\/nrsb.org\/es\/wp-json\/wp\/v2\/pages\/15442","targetHints":{"allow":["GET"]}}],"collection":[{"href":"https:\/\/nrsb.org\/es\/wp-json\/wp\/v2\/pages"}],"about":[{"href":"https:\/\/nrsb.org\/es\/wp-json\/wp\/v2\/types\/page"}],"author":[{"embeddable":true,"href":"https:\/\/nrsb.org\/es\/wp-json\/wp\/v2\/users\/2"}],"replies":[{"embeddable":true,"href":"https:\/\/nrsb.org\/es\/wp-json\/wp\/v2\/comments?post=15442"}],"version-history":[{"count":0,"href":"https:\/\/nrsb.org\/es\/wp-json\/wp\/v2\/pages\/15442\/revisions"}],"up":[{"embeddable":true,"href":"https:\/\/nrsb.org\/es\/wp-json\/wp\/v2\/pages\/15386"}],"wp:attachment":[{"href":"https:\/\/nrsb.org\/es\/wp-json\/wp\/v2\/media?parent=15442"}],"curies":[{"name":"wp","href":"https:\/\/api.w.org\/{rel}","templated":true}]}}