{"id":15440,"date":"2024-08-27T13:15:21","date_gmt":"2024-08-27T13:15:21","guid":{"rendered":"https:\/\/nrsbesp.wpenginepowered.com\/radon-chambers\/tertiary-radon-chamber-application-info\/"},"modified":"2026-04-20T11:19:49","modified_gmt":"2026-04-20T11:19:49","slug":"tertiary-radon-chamber-application-info","status":"publish","type":"page","link":"https:\/\/nrsb.org\/es\/radon-chambers\/tertiary-radon-chamber-application-info\/","title":{"rendered":"Tertiary radon chamber application info"},"content":{"rendered":"\n<h2>\n\t\t\tTertiary radon chamber\t<\/h2>\n<h2>\n\t\t\tTertiary radon chamber application info\t<\/h2>\n\t<p><a href=\"https:\/\/nrsb.org\/wp-content\/uploads\/2025\/07\/Chamber-Accreditation-Application-FINAL-3Jul2025.pdf\" target=\"_blank\" rel=\"noopener\">Solicitud de acreditaci\u00f3n del NRSB para c\u00e1maras de rad\u00f3n (PDF) \u00bb<\/a><\/p>\n<p><a href=\"https:\/\/nrsb.org\/wp-content\/uploads\/2024\/12\/ChamberAccredPolicy.pdf\" target=\"_blank\" rel=\"noopener\">Pol\u00edticas de acreditaci\u00f3n del NRSB para c\u00e1maras (PDF)\u00a0\u00bb<\/a><\/p>\n<p><a href=\"\">Lista de tarifas<\/a><\/p>\n\tA.C. George<br \/>\nUna c\u00e1mara terciaria de rad\u00f3n es una instalaci\u00f3n que, entre otras cosas, debe intercompararse satisfactoriamente con una c\u00e1mara secundaria acreditada para obtener la acreditaci\u00f3n. Se espera una precisi\u00f3n de \u00b110%. Se puede usar una c\u00e1mara terciaria para las evaluaciones iniciales de los dispositivos por parte de los fabricantes, para el enriquecimiento y la calibraci\u00f3n seg\u00fan lo requieren los Protocolos de Rad\u00f3n de la EPA de EE. UU., los est\u00e1ndares de la AARST y el Programa de Competencia de Rad\u00f3n. Para calibrar una c\u00e1mara terciaria de rad\u00f3n no se necesita una evaluaci\u00f3n sofisticada y detallada del dispositivo, como se requiere para su aprobaci\u00f3n.\n<p>El uso de c\u00e1maras terciarias para probar o calibrar dispositivos para la medici\u00f3n de la concentraci\u00f3n de productos de la descomposici\u00f3n del rad\u00f3n no se aborda en este documento, ya que hay poca demanda de este tipo de servicio. Para las pruebas de competencia y la evaluaci\u00f3n detallada del dispositivo no se deben usar c\u00e1maras terciarias de rad\u00f3n, como se requiere para los fines de aprobaci\u00f3n de dispositivos, ya que se requieren est\u00e1ndares y capacidades m\u00e1s estrictos, que se encuentran en las c\u00e1maras de rad\u00f3n acreditadas primarias y secundarias. Si se permitieran las pruebas de competencia, en una c\u00e1mara terciaria de rad\u00f3n, podr\u00eda haber un posible conflicto de intereses en los fabricantes o proveedores que prueban dispositivos, que pueden vender o alquilar a sus clientes.<\/p>\n<p>Los criterios para las c\u00e1maras terciarias de rad\u00f3n son menos estrictos que los de las c\u00e1maras secundarias y primarias de rad\u00f3n. En t\u00e9rminos de tama\u00f1o, pueden ser mucho m\u00e1s peque\u00f1as. Deben ser espec\u00edficas para el dispositivo que se evaluar\u00e1, aumentar\u00e1 o calibrar\u00e1. Si varios dispositivos son puestos a prueba simult\u00e1neamente, se requiere una c\u00e1mara de gran volumen que oscile entre 500 y 1500 litros para acomodarlos a todos. Se requiere una c\u00e1mara de gran volumen para aumentar o calibrar dispositivos de carb\u00f3n y m\u00faltiples unidades de monitores continuos de rad\u00f3n. La concentraci\u00f3n de rad\u00f3n dentro de la c\u00e1mara debe mantenerse homog\u00e9nea, bien definida y, en algunas aplicaciones, mantenerse estable o variada de manera deliberada. Para evaluar o calibrar un solo dispositivo, podr\u00eda ser adecuada una c\u00e1mara m\u00e1s peque\u00f1a siempre que la concentraci\u00f3n de rad\u00f3n se mezcle homog\u00e9neamente y se defina bien durante el periodo de prueba.<\/p>\n<p>Los monitores continuos activos de rad\u00f3n que usan una bomba para muestrear aire de prueba con una sonda, o un solo punto de entrada, como una v\u00e1lvula en una celda de centelleo, pueden requerir una c\u00e1mara de volumen muy peque\u00f1o o tal vez ni siquiera una c\u00e1mara. Si se eval\u00faa o calibra un monitor bombeando aire a trav\u00e9s de \u00e9l, se puede colocar fuera de la c\u00e1mara de rad\u00f3n y bombear aire de admisi\u00f3n desde el interior de la c\u00e1mara a trav\u00e9s de un puerto y reciclar el aire de nuevo a la c\u00e1mara. Esto puede no ser factible para muchos tipos de monitores, porque acceder al puerto de escape puede ser muy dif\u00edcil o imposible.<\/p>\n<p>Los monitores continuos activos de rad\u00f3n que usan una bomba para muestrear aire de prueba con una sonda (fuente puntual) esencialmente no requieren volumen. En este caso, el caudal de aire del generador de rad\u00f3n debe ser suficientemente mayor al caudal de aire combinado de los dos dispositivos, uno estar\u00e1 a prueba y otro ser\u00e1 el dispositivo de referencia. Como ejemplo, el rastreador RAD 7 tiene una sonda que se puede conectar a la salida del generador de rad\u00f3n. La instalaci\u00f3n terciaria de rad\u00f3n utilizada para evaluar o calibrar este tipo de monitor se evaluar\u00eda caso por caso.<\/p>\nSi se utiliza una c\u00e1mara terciaria de rad\u00f3n para probar o calibrar dispositivos que se ven afectados por las condiciones de temperatura y humedad, como dispositivos de carb\u00f3n y algunos monitores continuos, entonces la c\u00e1mara debe ser capaz de controlar estas condiciones en un rango razonable que normalmente se encuentra en interiores. Por ejemplo, la c\u00e1mara terciaria debe ser capaz de mantener la temperatura y la humedad relativa en valores que var\u00edan de 65 F a 80 F y de 30% a 70%, respectivamente. La c\u00e1mara terciaria debe ser capaz de mantener condiciones bien definidas durante un periodo suficiente para el tipo de prueba que se est\u00e1 realizando.<br \/>\nPor lo general, los dispositivos de rad\u00f3n est\u00e1n expuestos en el campo durante un m\u00ednimo de 48 horas. Se espera que las pruebas de c\u00e1mara de dispositivos a corto plazo duren un periodo de 2 a 7 d\u00edas. Las pruebas de dispositivos a largo plazo podr\u00edan tomar un periodo de semanas a meses, dependiendo de la concentraci\u00f3n de rad\u00f3n en la c\u00e1mara de prueba.\n<p>Se debe monitorear continuamente una c\u00e1mara terciaria para medir la concentraci\u00f3n promedio de rad\u00f3n en funci\u00f3n del tiempo durante el periodo de una prueba o calibraci\u00f3n. Un monitor continuo de rad\u00f3n es lo m\u00e1s apropiado para medir la concentraci\u00f3n de rad\u00f3n en la c\u00e1mara. El monitor continuo debe superar con \u00e9xito una prueba ciega de intercomparaci\u00f3n al menos una vez al a\u00f1o en una c\u00e1mara secundaria acreditada. Se debe tener documentaci\u00f3n que compruebe la trazabilidad a una c\u00e1mara de rad\u00f3n secundaria acreditada. La sensibilidad o error de precisi\u00f3n del dispositivo utilizado para monitorear la c\u00e1mara debe ser al menos tan buena y preferiblemente mejor que los dispositivos que se est\u00e1n probando o calibrando. De ser posible, es aconsejable utilizar monitores continuos de rad\u00f3n duplicados para determinar la precisi\u00f3n y si el desempe\u00f1o de cualquiera de los dispositivos colocados es aceptable. Si los dos dispositivos de monitoreo de rad\u00f3n trazables no concuerdan dentro de los l\u00edmites de precisi\u00f3n prescritos, entonces hay una opci\u00f3n para investigar y encontrar la fuente del problema.<\/p>\n<p>Aunque se prefiere un monitor continuo de rad\u00f3n, se pueden usar botes de carb\u00f3n adecuadamente calibrados o c\u00e1maras de iones electret, reservadas espec\u00edficamente para su uso en c\u00e1maras terciarias de rad\u00f3n, para monitorear la concentraci\u00f3n de rad\u00f3n. Estos dispositivos primero deben superar satisfactoriamente las pruebas ciegas de intercomparaci\u00f3n al menos una vez al a\u00f1o en una c\u00e1mara de rad\u00f3n secundaria acreditada.<\/p>\n<p>Si se utilizan muestras asistem\u00e1ticas como dispositivos de celdas de centelleo para monitorear una c\u00e1mara de rad\u00f3n durante las calibraciones, deben ser muy frecuentes (m\u00ednimo cada hora). Su calibraci\u00f3n debe ser trazable a una intercomparaci\u00f3n de laboratorio de referencia documentada en una c\u00e1mara de rad\u00f3n secundaria acreditada.<\/p>\n<p>El operador de la c\u00e1mara terciaria de rad\u00f3n debe asegurar que el personal y el equipo est\u00e9n protegidos de la exposici\u00f3n a la radiaci\u00f3n y la contaminaci\u00f3n de la fuente del generador de rad\u00f3n. Las fuentes de rad\u00f3n utilizadas en las c\u00e1maras terciarias de rad\u00f3n deben cumplir con las regulaciones de radiaci\u00f3n que diferencian entre fuentes de radio autorizadas y exentas. Las fuentes de 226Ra debidamente selladas y protegidas en forma seca est\u00e1n disponibles comercialmente y son preferidas. Sin embargo, las fuentes generadoras de rad\u00f3n preparadas internamente que utilizan peque\u00f1as actividades de radio o minerales naturales como mineral o relaves de uranio a veces se utilizan para evitar las licencias o certificaciones estatales.<\/p>\n<p>Si se utiliza una fuente de este tipo, debe sellarse adecuadamente contra fugas de la fuente en los alrededores cercanos. Por lo general, la doble filtraci\u00f3n mantendr\u00e1 el medio seco en su recipiente, pero permitir\u00e1 que el rad\u00f3n emane libremente hacia la c\u00e1mara de prueba o hacia el dispositivo que se est\u00e1 probando. El operador debe demostrar y documentar que la contribuci\u00f3n de tor\u00f3n es insignificante si se utiliza una fuente como un mineral natural que potencialmente podr\u00eda contener 224Ra. (En otras palabras, si alguien est\u00e1 utilizando una fuente 226Ra disponible comercialmente, no hay necesidad de demostrar ni de documentar que la contribuci\u00f3n del tor\u00f3n es insignificante). El aire de escape del generador y\/o la c\u00e1mara de rad\u00f3n debe ventilarse en un ambiente desocupado, generalmente al aire libre, donde se diluye muy r\u00e1pidamente por el volumen esencialmente infinito de aire exterior. Tambi\u00e9n se debe tener en cuenta el punto de escape para evitar el reingreso al interior.<\/p>\n<p>Se debe establecer un programa de seguridad para los trabajadores para proteger al personal del rad\u00f3n y los productos de la descomposici\u00f3n del rad\u00f3n que puedan filtrarse en las \u00e1reas ocupadas. Se puede usar un monitor de rad\u00f3n personal o de \u00e1rea, como un detector de pista alfa a largo plazo, cerca de la c\u00e1mara terciaria para la determinaci\u00f3n trimestral o anual de la exposici\u00f3n al rad\u00f3n. La documentaci\u00f3n de la exposici\u00f3n debe estar disponible y mantenerse durante un m\u00ednimo de cinco a\u00f1os. Se deben abordar y mantener en todo momento otras consideraciones de seguridad aplicables, como la seguridad el\u00e9ctrica, la seguridad contra incendios, la seguridad de las herramientas y los entornos de espacios confinados.<\/p>\n<p>Al solicitar la certificaci\u00f3n, un operador de una c\u00e1mara terciaria de rad\u00f3n debe tener un Plan de Control de Calidad (QAP), Procedimientos Operativos Est\u00e1ndares (SOP) y un Plan de Seguridad para el Trabajador. El personal responsable del funcionamiento de la c\u00e1mara terciaria y de la adquisici\u00f3n de datos y resultados debe estar calificado mediante la participaci\u00f3n en cursos de rad\u00f3n y estar certificado satisfactoriamente como especialista en medici\u00f3n de rad\u00f3n del Consejo Nacional de Seguridad de Rad\u00f3n. Como m\u00ednimo, un especialista en medici\u00f3n de rad\u00f3n debe supervisar toda la operaci\u00f3n.<\/p>\n<p>Debe haber procedimientos operativos que documenten los pasos tomados para proporcionar el entorno de exposici\u00f3n adecuado para la calibraci\u00f3n de un dispositivo espec\u00edfico y los criterios que se utilizaron para determinar la calibraci\u00f3n exitosa del dispositivo, as\u00ed como los que se utilizaron para determinar la calibraci\u00f3n satisfactoria. Tambi\u00e9n debe haber procedimientos que documenten c\u00f3mo se calibra el dispositivo que se utiliza para monitorear la c\u00e1mara terciaria y se compara con una c\u00e1mara de rad\u00f3n secundaria acreditada. La organizaci\u00f3n de acreditaci\u00f3n revisa la informaci\u00f3n documentada y act\u00faa en consecuencia para verificar que se aborden los criterios requeridos.<\/p>\n<p>El NRSB no puede anticipar cada instalaci\u00f3n terciaria ni su aplicaci\u00f3n y debe revisar cada solicitud caso por caso para garantizar que la instalaci\u00f3n terciaria cumpla con los criterios apropiados requeridos para la solicitud indicada.<\/p>\n\n","protected":false},"excerpt":{"rendered":"<p>Tertiary radon chamber Tertiary radon chamber application info Solicitud de acreditaci\u00f3n del NRSB para c\u00e1maras de rad\u00f3n (PDF) \u00bb Pol\u00edticas de acreditaci\u00f3n del NRSB para c\u00e1maras (PDF)\u00a0\u00bb Lista de tarifas A.C. George Una c\u00e1mara terciaria de rad\u00f3n es una instalaci\u00f3n que, entre otras cosas, debe intercompararse satisfactoriamente con una c\u00e1mara secundaria acreditada para obtener la&hellip;<\/p>\n","protected":false},"author":2,"featured_media":0,"parent":15432,"menu_order":0,"comment_status":"closed","ping_status":"closed","template":"","meta":{"_acf_changed":false,"inline_featured_image":false,"footnotes":""},"class_list":["post-15440","page","type-page","status-publish","hentry"],"acf":[],"_links":{"self":[{"href":"https:\/\/nrsb.org\/es\/wp-json\/wp\/v2\/pages\/15440","targetHints":{"allow":["GET"]}}],"collection":[{"href":"https:\/\/nrsb.org\/es\/wp-json\/wp\/v2\/pages"}],"about":[{"href":"https:\/\/nrsb.org\/es\/wp-json\/wp\/v2\/types\/page"}],"author":[{"embeddable":true,"href":"https:\/\/nrsb.org\/es\/wp-json\/wp\/v2\/users\/2"}],"replies":[{"embeddable":true,"href":"https:\/\/nrsb.org\/es\/wp-json\/wp\/v2\/comments?post=15440"}],"version-history":[{"count":0,"href":"https:\/\/nrsb.org\/es\/wp-json\/wp\/v2\/pages\/15440\/revisions"}],"up":[{"embeddable":true,"href":"https:\/\/nrsb.org\/es\/wp-json\/wp\/v2\/pages\/15432"}],"wp:attachment":[{"href":"https:\/\/nrsb.org\/es\/wp-json\/wp\/v2\/media?parent=15440"}],"curies":[{"name":"wp","href":"https:\/\/api.w.org\/{rel}","templated":true}]}}