{"id":15435,"date":"2024-08-28T06:44:08","date_gmt":"2024-08-28T06:44:08","guid":{"rendered":"https:\/\/nrsbesp.wpenginepowered.com\/rms-exam-guidance\/"},"modified":"2026-04-20T13:19:39","modified_gmt":"2026-04-20T13:19:39","slug":"rms-exam-guidance","status":"publish","type":"page","link":"https:\/\/nrsb.org\/es\/exams\/rms-exam-guidance\/","title":{"rendered":"RMS Exam Guidance"},"content":{"rendered":"\n<h2>\n\t\t\tRMS exam guidance\t<\/h2>\n\t<strong>Documentos en los que se basan las preguntas del examen de Especialista en medici\u00f3n de rad\u00f3n del NRSB<\/strong><br \/>\n(Se anticipa que esta lista se actualizar\u00e1 de vez en cuando y se publicar\u00e1 en <a href=\"https:\/\/www.nrsb.org\/\">www.nrsb.org<\/a>).\n<ol type=\"1\">\n<li>Manual informativo sobre el rad\u00f3n: la gu\u00eda para proteger a su familia y a usted del rad\u00f3n (EPA 402-K-12\/002, diciembre de 2016)<\/li>\n<li>Gu\u00eda del consumidor para la reducci\u00f3n de rad\u00f3n: c\u00f3mo arreglar su vivienda (EPA 402-K-10\/005, diciembre de 2016)<\/li>\n<li>Gu\u00eda del rad\u00f3n para compradores y vendedores de viviendas (EPA 402-K-13\/002, septiembre de 2013)<\/li>\n<li>Pr\u00e1ctica est\u00e1ndar para la instalaci\u00f3n de sistemas de mitigaci\u00f3n de rad\u00f3n en edificios residenciales de baja altura existentes (ASTM E-2121-13)<\/li>\n<li>Constructores y la nueva construcci\u00f3n de viviendas con caracter\u00edsticas reductoras de rad\u00f3n. La EPA recomienda las caracter\u00edsticas reductoras de rad\u00f3n de la norma ASTM E1465-08 para las nuevas viviendas.<\/li>\n<li>Gu\u00eda t\u00e9cnica sobre t\u00e9cnicas de reducci\u00f3n de rad\u00f3n para viviendas unifamiliares (segunda edici\u00f3n) (EPA\/625\/5-87\/019, revisada en enero de 1988)<\/li>\n<li>Gu\u00eda t\u00e9cnica sobre t\u00e9cnicas de reducci\u00f3n de rad\u00f3n para casas unifamiliares existentes (tercera edici\u00f3n) para sistemas activos de despresurizaci\u00f3n de suelos (EPA\/625\/R-93\/011, octubre de 1993)<\/li>\n<li>Informe final sobre la reducci\u00f3n de rad\u00f3n en las estructuras (Contrato de la EPA n\u00famero 68-D-90170, asignaci\u00f3n de trabajo 2-46, diciembre de 1992)<\/li>\n<li>Documento de apoyo t\u00e9cnico para la Gu\u00eda del rad\u00f3n para los ciudadanos de 1992 (EPA 400-R-92-011, mayo de 1992)<\/li>\n<li>Protocolos de dispositivos de medici\u00f3n de rad\u00f3n y productos de la descomposici\u00f3n del rad\u00f3n en interiores (EPA 402-R-92-004, julio de 1992)<\/li>\n<li>Protocolos para las mediciones de rad\u00f3n y productos de la descomposici\u00f3n del rad\u00f3n en las viviendas N\u00famero de documento de la EPA 402-R-93-003, junio de 1993<\/li>\n<li>Medici\u00f3n de rad\u00f3n en las escuelas, edici\u00f3n revisada (EPA 402-R-92-014, julio)<\/li>\n<\/ol>\n\t\t\t<a href=\"https:\/\/nrsb.org\/wp-content\/uploads\/2025\/03\/RMS-EXAM-CURRICULUM.docx\"  target=\"_blank\" rel=\"noopener\"    rel=\"noopener\">\n\t\t\t\t\t\t\tPlan de estudios del examen para RMS\n\t\t\t\t\t<\/a>\n\n","protected":false},"excerpt":{"rendered":"<p>RMS exam guidance Documentos en los que se basan las preguntas del examen de Especialista en medici\u00f3n de rad\u00f3n del NRSB (Se anticipa que esta lista se actualizar\u00e1 de vez en cuando y se publicar\u00e1 en www.nrsb.org). Manual informativo sobre el rad\u00f3n: la gu\u00eda para proteger a su familia y a usted del rad\u00f3n (EPA&hellip;<\/p>\n","protected":false},"author":2,"featured_media":0,"parent":15531,"menu_order":0,"comment_status":"closed","ping_status":"closed","template":"","meta":{"_acf_changed":false,"inline_featured_image":false,"footnotes":""},"class_list":["post-15435","page","type-page","status-publish","hentry"],"acf":[],"_links":{"self":[{"href":"https:\/\/nrsb.org\/es\/wp-json\/wp\/v2\/pages\/15435","targetHints":{"allow":["GET"]}}],"collection":[{"href":"https:\/\/nrsb.org\/es\/wp-json\/wp\/v2\/pages"}],"about":[{"href":"https:\/\/nrsb.org\/es\/wp-json\/wp\/v2\/types\/page"}],"author":[{"embeddable":true,"href":"https:\/\/nrsb.org\/es\/wp-json\/wp\/v2\/users\/2"}],"replies":[{"embeddable":true,"href":"https:\/\/nrsb.org\/es\/wp-json\/wp\/v2\/comments?post=15435"}],"version-history":[{"count":0,"href":"https:\/\/nrsb.org\/es\/wp-json\/wp\/v2\/pages\/15435\/revisions"}],"up":[{"embeddable":true,"href":"https:\/\/nrsb.org\/es\/wp-json\/wp\/v2\/pages\/15531"}],"wp:attachment":[{"href":"https:\/\/nrsb.org\/es\/wp-json\/wp\/v2\/media?parent=15435"}],"curies":[{"name":"wp","href":"https:\/\/api.w.org\/{rel}","templated":true}]}}