{"id":15430,"date":"2024-08-27T06:50:09","date_gmt":"2024-08-27T06:50:09","guid":{"rendered":"https:\/\/nrsbesp.wpenginepowered.com\/for-professional\/professional-faqs\/"},"modified":"2026-04-20T12:00:45","modified_gmt":"2026-04-20T12:00:45","slug":"professional-faqs","status":"publish","type":"page","link":"https:\/\/nrsb.org\/es\/for-professional\/professional-faqs\/","title":{"rendered":"Professional faqs"},"content":{"rendered":"\n<h2>\n\t\t\tPreguntas frecuentes de los expertos\t<\/h2>\n\t\t\t\t\t\t\t\t\t\t<h4 tabindex=\"0\">\u00bfCU\u00c1NTO CUESTA LA CERTIFICACI\u00d3N DEL NRSB?<\/h4>\n<p>El costo para especialistas en medici\u00f3n de rad\u00f3n, t\u00e9cnicos en medici\u00f3n de rad\u00f3n y especialistas en mitigaci\u00f3n de rad\u00f3n es de $125 por un a\u00f1o o $200 por dos a\u00f1os.<\/p>\n<p>El costo de la acreditaci\u00f3n para laboratorios es de $125 por un a\u00f1o o $200 por dos a\u00f1os.<\/p>\n<p>El costo de la solicitud de la Acreditaci\u00f3n para c\u00e1maras secundarias es de $600 por la certificaci\u00f3n inicial o una tarifa anual de $350.<\/p>\n<p>El costo de la solicitud de la Acreditaci\u00f3n para c\u00e1maras terciarias de rad\u00f3n es de $400 por la certificaci\u00f3n inicial o una tarifa anual de $250.<\/p>\n<p>El costo de la Evaluaci\u00f3n de dispositivos de medici\u00f3n es de $1,000.00 m\u00e1s las tarifas incurridas por las pruebas de desempe\u00f1o de los nuevos dispositivos.<\/p>\n\t\t\t\t\t\t\t\t\t\t<h4 tabindex=\"0\">\u00bfEL NRSB OFRECE CAPACITACI\u00d3N?<\/h4>\nNo. El NRSB no ofrece ninguna capacitaci\u00f3n, pero certifica los cursos de capacitaci\u00f3n y proporciona listas de proveedores de cursos aprobados a los solicitantes. Todos los cursos de capacitaci\u00f3n reconocidos por la EPA ser\u00e1n reconocidos con el fin de obtener la certificaci\u00f3n del NRSB y se incentivar\u00e1 a capacitadores calificados para crear cursos. Las tarifas ser\u00e1n establecidas por los proveedores de capacitaci\u00f3n.\n\t\t\t\t\t\t\t\t\t\t<h4 tabindex=\"0\">\u00bfEL NRSB APLICA SUS PROPIOS EX\u00c1MENES?<\/h4>\n\t\t\t\t\tS\u00ed, el NRSB ha desarrollado ex\u00e1menes para t\u00e9cnicos de medici\u00f3n de rad\u00f3n, especialistas en medici\u00f3n de rad\u00f3n y especialistas en rehabilitaci\u00f3n de rad\u00f3n. Aqu\u00ed puedes encontrar m\u00e1s informaci\u00f3n sobre los ex\u00e1menes:<a href=\"https:\/\/nrsb.org\/exams\/digital-exam-information\/\"> https:\/\/nrsb.org\/exams\/digital-exam-information\/<\/a>\n\t\t\t\t\t\t\t\t\t\t<h4 tabindex=\"0\">\u00bfCU\u00c1NTO CUESTAN LOS EX\u00c1MENES DEL NRSB?<\/h4>\nLos 3\u00a0ex\u00e1menes del NRSB (RMT, RMS y RRS) cuestan $120\/cada uno. Aqu\u00ed puedes encontrar m\u00e1s informaci\u00f3n sobre los ex\u00e1menes: <a href=\"https:\/\/nrsb.org\/exams\/digital-exam-information\/\">https:\/\/nrsb.org\/exams\/digital-exam-information\/\u00a0<\/a>\n\t\t\t\t\t\t\t\t\t\t<h4 tabindex=\"0\">\u00bfC\u00d3MO PUEDO SABER QU\u00c9 EXAMEN DEBO PRESENTAR PARA OBTENER MI LICENCIA ESTATAL?<\/h4>\n<p>Consulta con el representante estatal de rad\u00f3n para ver si el estado donde trabajar\u00e1s tiene regulaciones. Aqu\u00ed puedes encontrar la informaci\u00f3n de cada estado:\u00a0<a href=\"https:\/\/gispub.epa.gov\/radon\/\">https:\/\/gispub.epa.gov\/radon\/<\/a><\/p>\n<p>Si haces el examen del NRSB para obtener una licencia estatal, debes consultar con tu estado para asegurarte de presentar el examen correcto.\u00a0Las tarifas de los ex\u00e1menes no son reembolsables.<\/p>\n\t\t\t\t\t\t\t\t\t\t<h4 tabindex=\"0\">\u00bfC\u00d3MO SE ESTABLECEN LAS TARIFAS DEL NRSB?<\/h4>\nNRSB (Junta Nacional de Seguridad de Rad\u00f3n) es una organizaci\u00f3n sin fines de lucro de buena fe dirigida en su totalidad por voluntarios. No mantiene ninguna oficina, no tiene gastos generales como tal, no paga salarios al personal y no recibe comisiones por sus ex\u00e1menes ni por la capacitaci\u00f3n. El NRSB contrata a un proveedor de servicios administrativos independiente (es decir, un proveedor de servicios sin v\u00ednculos con el NRSB ni con ninguno de sus Consejeros) para el procesamiento de consultas, solicitudes de certificaci\u00f3n y la supervisi\u00f3n o los ex\u00e1menes. Esto garantiza un servicio r\u00e1pido y profesional para los solicitantes.<br \/>\nEl proveedor de servicios administrativos recibe el 85% de todas las tarifas de certificaci\u00f3n. El NRSB retiene el 15% de las tarifas para los gastos necesarios, como las tarifas corporativas, la contabilidad y el seguro.\n\t\t\t\t\t\t\t\t\t\t<h4 tabindex=\"0\">\u00bfEL NRSB OFRECE MUESTRAS DE LOS PROGRAMAS DE GARANT\u00cdA DE CALIDAD?<\/h4>\nEl siguiente es un documento de muestra de la Gu\u00eda del programa de garant\u00eda de calidad de la EPA en PDF\u00a0(<a href=\"https:\/\/nrsbdev.wpenginepowered.com\/wp-content\/uploads\/2025\/01\/EPA-Sample-Radon-Quality-Assurance-Plan.pdf\">descargar aqu\u00ed<\/a>)\n\t\t\t\t\t\t\t\t\t\t<h4 tabindex=\"0\">\u00bfEL NRSB PERMITIR\u00c1 USAR SU LOGOTIPO A QUIENES CERTIFIQUE?<\/h4>\n\u00a1Por supuesto! El objetivo del NRSB es proporcionar una garant\u00eda al p\u00fablico de que puede confiar en sus proveedores de servicios de rad\u00f3n. El logotipo del NRSB es de uso gratuito para cualquier persona certificada, acreditada o aprobada por el Junta Nacional de Seguridad de Rad\u00f3n. Aqu\u00ed puedes encontrar las versiones de nuestro logotipo: <a href=\"https:\/\/nrsb.org\/for-professionals\/media-kit\/\">https:\/\/nrsb.org\/for-professionals\/media-kit\/<\/a>\n\t\t\t\t\t\t\t\t\t\t<h4 tabindex=\"0\">\u00bfEL NRSB PROMUEVE LA INDUSTRIA DEL RAD\u00d3N?<\/h4>\nEl NRSB no es una asociaci\u00f3n comercial para la industria del rad\u00f3n ni un grupo de divulgaci\u00f3n que forme parte de las pol\u00edticas de salud. El NRSB garantiza que los proveedores de servicios de rad\u00f3n cumplan con altos est\u00e1ndares de experiencia t\u00e9cnica y profesionalismo. El NRSB proporciona certificaci\u00f3n para terceros independientes.\n\t\t\t\t\t\t\t\t\t\t<h4 tabindex=\"0\">\u00bfC\u00d3MO ME PUEDO COMUNICAR CON EL NRSB?<\/h4>\n<strong>Sitio web<\/strong>:\u00a0www.NRSB.org<br \/>\n<strong>Correo electr\u00f3nico<\/strong>:\u00a0info@NRSB.org<br \/>\n<strong>Correo postal en Estados Unidos<\/strong>:\u00a0National Radon Safety Board 14 Hayes Street Elmsford, NY 10523<br \/>\n<strong>N\u00famero de tel\u00e9fono gratuito<\/strong>: (914) 345-1168<br \/>\n<strong>N\u00famero de fax<\/strong>:\u00a0(914) 345-1169\n\n","protected":false},"excerpt":{"rendered":"<p>Preguntas frecuentes de los expertos \u00bfCU\u00c1NTO CUESTA LA CERTIFICACI\u00d3N DEL NRSB? El costo para especialistas en medici\u00f3n de rad\u00f3n, t\u00e9cnicos en medici\u00f3n de rad\u00f3n y especialistas en mitigaci\u00f3n de rad\u00f3n es de $125 por un a\u00f1o o $200 por dos a\u00f1os. El costo de la acreditaci\u00f3n para laboratorios es de $125 por un a\u00f1o o&hellip;<\/p>\n","protected":false},"author":2,"featured_media":0,"parent":15386,"menu_order":0,"comment_status":"closed","ping_status":"closed","template":"","meta":{"_acf_changed":false,"inline_featured_image":false,"footnotes":""},"class_list":["post-15430","page","type-page","status-publish","hentry"],"acf":[],"_links":{"self":[{"href":"https:\/\/nrsb.org\/es\/wp-json\/wp\/v2\/pages\/15430","targetHints":{"allow":["GET"]}}],"collection":[{"href":"https:\/\/nrsb.org\/es\/wp-json\/wp\/v2\/pages"}],"about":[{"href":"https:\/\/nrsb.org\/es\/wp-json\/wp\/v2\/types\/page"}],"author":[{"embeddable":true,"href":"https:\/\/nrsb.org\/es\/wp-json\/wp\/v2\/users\/2"}],"replies":[{"embeddable":true,"href":"https:\/\/nrsb.org\/es\/wp-json\/wp\/v2\/comments?post=15430"}],"version-history":[{"count":0,"href":"https:\/\/nrsb.org\/es\/wp-json\/wp\/v2\/pages\/15430\/revisions"}],"up":[{"embeddable":true,"href":"https:\/\/nrsb.org\/es\/wp-json\/wp\/v2\/pages\/15386"}],"wp:attachment":[{"href":"https:\/\/nrsb.org\/es\/wp-json\/wp\/v2\/media?parent=15430"}],"curies":[{"name":"wp","href":"https:\/\/api.w.org\/{rel}","templated":true}]}}