{"id":15427,"date":"2024-08-28T06:12:54","date_gmt":"2024-08-28T06:12:54","guid":{"rendered":"https:\/\/nrsbesp.wpenginepowered.com\/acerca-de\/organizational-structure\/"},"modified":"2026-04-20T11:26:59","modified_gmt":"2026-04-20T11:26:59","slug":"organizational-structure","status":"publish","type":"page","link":"https:\/\/nrsb.org\/es\/about\/organizational-structure\/","title":{"rendered":"Organizational structure"},"content":{"rendered":"\n<h2>\n\t\t\tOrganizational structure\t<\/h2>\n\t<p>La estructura general del NRSB (Junta Nacional de Seguridad de Rad\u00f3n) se basa en el modelo del American Board of Health Physics. ABHP, (Junta Academica de Salud F\u00edsica), que es ampliamente reconocido como el principal organismo de calificaci\u00f3n para los profesionales de la seguridad radiol\u00f3gica. Los estatutos y la estructura espec\u00edfica del Oficina de Administraci\u00f3n se basan directamente en el modelo del EPA (Agencia de Protecci\u00f3n Ambiental) del NRSB (Junta Nacional de Seguridad de Rad\u00f3n) independiente. Al igual que el American Board of Health Physics. ABHP, (Junta Academica de Salud F\u00edsica), el NRSB depende casi por completo de voluntarios con responsabilidades profesionales en riesgos para la salud, la medici\u00f3n, la rehabilitaci\u00f3n y las pol\u00edticas p\u00fablicas relacionadas con el rad\u00f3n. De acuerdo con la insistencia de la EPA en que la certificaci\u00f3n no gubernamental de los profesionales del rad\u00f3n requerir\u00eda un consejo directivo compuesto por las partes interesadas en temas de rad\u00f3n, los estatutos del NRSB prev\u00e9n la representaci\u00f3n diversa en el Consejo de las partes interesadas en temas de rad\u00f3n. El hecho de que el NRSB se rija por profesionales de los sectores p\u00fablico y privado del campo del rad\u00f3n y que todos sirvan de forma voluntaria, proporciona la mayor garant\u00eda de que el inter\u00e9s p\u00fablico siempre estar\u00e1 protegido.<\/p>\n<p><strong>Consejo de administraci\u00f3n<\/strong>.\u00a0El consejo de administraci\u00f3n es responsable de establecer los est\u00e1ndares, procedimientos, pol\u00edticas y requisitos de certificaci\u00f3n del NRSB (Junta de Seguridad de Rad\u00f3n). Adem\u00e1s de las reuniones anuales, el consejo de administraci\u00f3n puede presentar, debatir, modificar y votar las resoluciones a trav\u00e9s de procedimientos electr\u00f3nicos.<\/p>\n<p><strong>Comit\u00e9 ejecutivo<\/strong>.\u00a0Un comit\u00e9 ejecutivo compuesto por los funcionarios de la corporaci\u00f3n act\u00faa para supervisar las operaciones de forma continua. Por lo general, tienen una conferencia telef\u00f3nica la primera semana de cada mes y m\u00e1s, seg\u00fan sea necesario.<\/p>\n<p><strong>Paneles de certificaci\u00f3n<\/strong>.\u00a0Operando bajo la direcci\u00f3n del consejo de administraci\u00f3n hay cinco paneles con las responsabilidades de establecer los criterios espec\u00edficos para cada uno de los programas del NRSB: certificaci\u00f3n de los examinadores de rad\u00f3n, certificaci\u00f3n de los mitigadores, acreditaci\u00f3n de los laboratorios, acreditaci\u00f3n de las c\u00e1maras y aprobaci\u00f3n de los dispositivos de medici\u00f3n de rad\u00f3n.<\/p>\n<p><strong>Comit\u00e9s de supervisi\u00f3n<\/strong>.\u00a0Hay seis comit\u00e9s para supervisar las operaciones generales del NRSB: los comit\u00e9s de est\u00e1ndares profesionales, protocolos operativos, educaci\u00f3n continua, relaciones gubernamentales, conciencia p\u00fablica y la designaci\u00f3n de miembros del consejo de administraci\u00f3n.<\/p>\n<p><strong>Administraci\u00f3n<\/strong>.\u00a0Los servicios administrativos, incluido el procesamiento de todas las solicitudes de certificaci\u00f3n y el mantenimiento de las listas de certificaci\u00f3n, se proporcionan conforme a un contrato. El proveedor de servicios administrativos maneja consultas de rutina, el procesamiento de solicitudes, env\u00edos de informaci\u00f3n, aplicaci\u00f3n de ex\u00e1menes y seguridad.<\/p>\n<p><strong>Acceso electr\u00f3nico<\/strong>.\u00a0El acceso al NRSB (Junta Nacional de Seguridad de Rad\u00f3n) es por medios electr\u00f3nicos a trav\u00e9s de su sitio web en\u00a0WWW.NRSB.ORG\u00a0y por correo electr\u00f3nico en\u00a0INFO@NRSB.ORG. El sitio web proporciona listas actualizadas de todos los expertos y organizaciones con certificaci\u00f3n del NRSB, ordenados por tipo de certificaci\u00f3n, nombre, empresa, estado, c\u00f3digo postal y radio de kilometraje. El sitio web tambi\u00e9n puede redireccionar a importantes documentos primarios, programas estatales de rad\u00f3n y documentos comerciales relacionados con la realizaci\u00f3n de la misi\u00f3n de servicio p\u00fablico del NRSB.<\/p>\n<p>Debido a que el Consejo Nacional de Seguridad de Rad\u00f3n es una organizaci\u00f3n sin fines de lucro con un fin \u00fanico, los asuntos de pol\u00edtica son decididos por expertos de buena fe que ofrecen sus servicios de forma voluntaria. Esta estructura asegura el m\u00e1s alto nivel de experiencia, evita conflictos de intereses y asegura los costos m\u00e1s bajos posibles para el programa, lo que a su vez proporciona beneficios directos tanto a la industria como a la comunidad a la que sirve.<\/p>\n\n","protected":false},"excerpt":{"rendered":"<p>Organizational structure La estructura general del NRSB (Junta Nacional de Seguridad de Rad\u00f3n) se basa en el modelo del American Board of Health Physics. ABHP, (Junta Academica de Salud F\u00edsica), que es ampliamente reconocido como el principal organismo de calificaci\u00f3n para los profesionales de la seguridad radiol\u00f3gica. Los estatutos y la estructura espec\u00edfica del Oficina&hellip;<\/p>\n","protected":false},"author":2,"featured_media":0,"parent":15370,"menu_order":0,"comment_status":"closed","ping_status":"closed","template":"","meta":{"_acf_changed":false,"inline_featured_image":false,"footnotes":""},"class_list":["post-15427","page","type-page","status-publish","hentry"],"acf":[],"_links":{"self":[{"href":"https:\/\/nrsb.org\/es\/wp-json\/wp\/v2\/pages\/15427","targetHints":{"allow":["GET"]}}],"collection":[{"href":"https:\/\/nrsb.org\/es\/wp-json\/wp\/v2\/pages"}],"about":[{"href":"https:\/\/nrsb.org\/es\/wp-json\/wp\/v2\/types\/page"}],"author":[{"embeddable":true,"href":"https:\/\/nrsb.org\/es\/wp-json\/wp\/v2\/users\/2"}],"replies":[{"embeddable":true,"href":"https:\/\/nrsb.org\/es\/wp-json\/wp\/v2\/comments?post=15427"}],"version-history":[{"count":0,"href":"https:\/\/nrsb.org\/es\/wp-json\/wp\/v2\/pages\/15427\/revisions"}],"up":[{"embeddable":true,"href":"https:\/\/nrsb.org\/es\/wp-json\/wp\/v2\/pages\/15370"}],"wp:attachment":[{"href":"https:\/\/nrsb.org\/es\/wp-json\/wp\/v2\/media?parent=15427"}],"curies":[{"name":"wp","href":"https:\/\/api.w.org\/{rel}","templated":true}]}}