{"id":15423,"date":"2024-08-26T09:00:44","date_gmt":"2024-08-26T09:00:44","guid":{"rendered":"https:\/\/nrsbesp.wpenginepowered.com\/for-professional\/laboratory-accreditation\/"},"modified":"2026-04-20T09:22:51","modified_gmt":"2026-04-20T09:22:51","slug":"laboratory-accreditation","status":"publish","type":"page","link":"https:\/\/nrsb.org\/es\/for-professional\/laboratory-accreditation\/","title":{"rendered":"Laboratory accreditation"},"content":{"rendered":"\n\n<h2>\n\t\t\tPara solicitar la acreditaci\u00f3n de laboratorio, debes completar lo siguiente:\t<\/h2>\n\t<ul>\n<li>\n<ul>\n<li>Solicitud para la <a href=\"https:\/\/nrsbdev.wpenginepowered.com\/for-professionals\/application-library\/\">acreditaci\u00f3n del laboratorio<\/a><\/li>\n<li>Certificaci\u00f3n como <a href=\"https:\/\/nrsbdev.wpenginepowered.com\/for-professionals\/how-to-get-certified\/\">especialista en medici\u00f3n<\/a><\/li>\n<li>Solicitud para el\u00a0<a href=\"https:\/\/nrsbdev.wpenginepowered.com\/for-professionals\/application-library\/\">registro de un negocio de rad\u00f3n<\/a><\/li>\n<li>Lista de\u00a0<a href=\"https:\/\/nrsbdev.wpenginepowered.com\/for-professionals\/application-library\/\">tarifas de la solicitud<\/a><\/li>\n<\/ul>\n<\/li>\n<\/ul>\n<p><a href=\"https:\/\/nrsbdev.wpenginepowered.com\/for-professionals\/application-library\/\">lHaz clic aqu\u00ed para ver todas las solicitudes \u00bb<\/a><\/p>\n<strong>Env\u00eda por fax o correo electr\u00f3nico las solicitudes y los documentos firmados y con fecha a:<\/strong><br \/>\nNational Radon Safety Board<br \/>\n14 Hayes Street<br \/>\nElmsford, NY 10523<br \/>\nEmail: info@nrsbdev.wpenginepowered.com<br \/>\nFax: (914) 345-1169\n<p>Un Especialista en medici\u00f3n de rad\u00f3n (RMS) del NRSB debe estar afiliado al laboratorio y aparecer en la solicitud. Los solicitantes deben especificar los dispositivos que utiliza el laboratorio para realizar el an\u00e1lisis de rad\u00f3n y mencionar el c\u00f3digo NRSB de cada uno de los dispositivos en la solicitud. Para ver una lista de los dispositivos aprobados, haz clic aqu\u00ed.<\/p>\n<p>Los laboratorios deben presentar los resultados actuales de la prueba de competencia de todos los dispositivos utilizados para realizar el an\u00e1lisis de rad\u00f3n y para los cuales la Acreditaci\u00f3n para laboratorios (ARL) debe mantener un listado de competencia (como carb\u00f3n activado, centelleo l\u00edquido, c\u00e1mara de iones electret, pista alfa, monitor continuo de rad\u00f3n y monitor continuo del nivel de trabajo). Para realizar una prueba de competencia, los laboratorios acreditados deben enviar los dispositivos a una <a href=\"https:\/\/nrsbdev.wpenginepowered.com\/radon-chambers\/nrsb-accredited-chambers\/\">c\u00e1mara de rad\u00f3n secundaria<\/a> acreditada para determinar su exposici\u00f3n a concentraciones conocidas. Se espera que los laboratorios acreditados proporcionen resultados de medici\u00f3n que est\u00e9n dentro de m\u00e1s o menos 25% del valor objetivo. Para ver una lista de las c\u00e1maras de rad\u00f3n acreditadas por el NRSB, consulta esta p\u00e1gina.<\/p>\n<p>Adem\u00e1s de las pruebas de competencia, los solicitantes que deseen utilizar monitores continuos de rad\u00f3n o monitores continuos del nivel de trabajo tambi\u00e9n deben presentar el certificado de calibraci\u00f3n actual de todos los monitores que utilicen para hacer las mediciones. Un certificado de calibraci\u00f3n es emitido por una c\u00e1mara de rad\u00f3n acreditada y autorizada por el fabricante para realizar la calibraci\u00f3n del modelo del instrumento.<\/p>\n<p>Si una solicitud est\u00e1 incompleta o no est\u00e1 en orden, se notificar\u00e1 al solicitante. Si las deficiencias en la solicitud son corregidas, la certificaci\u00f3n es otorgada.<\/p>\n<p>&nbsp;<\/p>\n<p><strong>Razones por las que los expertos necesitanuna acreditaci\u00f3n para laboratorio:<\/strong><\/p>\n<ul>\n<li>Usas un dispositivo de c\u00e1mara de iones electret y lees tus propios electrets. Si usas un monitor<\/li>\n<li>continuo de rad\u00f3n y en tu estado se requiere que te conviertas en un laboratorio para leer tus propias mediciones.<\/li>\n<\/ul>\n\n","protected":false},"excerpt":{"rendered":"<p>Para solicitar la acreditaci\u00f3n de laboratorio, debes completar lo siguiente: Solicitud para la acreditaci\u00f3n del laboratorio Certificaci\u00f3n como especialista en medici\u00f3n Solicitud para el\u00a0registro de un negocio de rad\u00f3n Lista de\u00a0tarifas de la solicitud lHaz clic aqu\u00ed para ver todas las solicitudes \u00bb Env\u00eda por fax o correo electr\u00f3nico las solicitudes y los documentos firmados&hellip;<\/p>\n","protected":false},"author":2,"featured_media":0,"parent":15386,"menu_order":0,"comment_status":"closed","ping_status":"closed","template":"","meta":{"_acf_changed":false,"inline_featured_image":false,"footnotes":""},"class_list":["post-15423","page","type-page","status-publish","hentry"],"acf":[],"_links":{"self":[{"href":"https:\/\/nrsb.org\/es\/wp-json\/wp\/v2\/pages\/15423","targetHints":{"allow":["GET"]}}],"collection":[{"href":"https:\/\/nrsb.org\/es\/wp-json\/wp\/v2\/pages"}],"about":[{"href":"https:\/\/nrsb.org\/es\/wp-json\/wp\/v2\/types\/page"}],"author":[{"embeddable":true,"href":"https:\/\/nrsb.org\/es\/wp-json\/wp\/v2\/users\/2"}],"replies":[{"embeddable":true,"href":"https:\/\/nrsb.org\/es\/wp-json\/wp\/v2\/comments?post=15423"}],"version-history":[{"count":0,"href":"https:\/\/nrsb.org\/es\/wp-json\/wp\/v2\/pages\/15423\/revisions"}],"up":[{"embeddable":true,"href":"https:\/\/nrsb.org\/es\/wp-json\/wp\/v2\/pages\/15386"}],"wp:attachment":[{"href":"https:\/\/nrsb.org\/es\/wp-json\/wp\/v2\/media?parent=15423"}],"curies":[{"name":"wp","href":"https:\/\/api.w.org\/{rel}","templated":true}]}}