{"id":15421,"date":"2024-08-27T06:47:23","date_gmt":"2024-08-27T06:47:23","guid":{"rendered":"https:\/\/nrsbesp.wpenginepowered.com\/insurance-for-certified-professionals\/"},"modified":"2026-04-20T09:22:03","modified_gmt":"2026-04-20T09:22:03","slug":"insurance-for-certified-professionals","status":"publish","type":"page","link":"https:\/\/nrsb.org\/es\/insurance-for-certified-professionals\/","title":{"rendered":"Insurance for certified professionals"},"content":{"rendered":"\n<h2>\n\t\t\tSeguro\t<\/h2>\n\t<h4>E&amp;O\/Seguro de responsabilidad general disponible para profesionales certificados por el NRSB<\/h4>\n<p><strong>Caracter\u00edsticas del programa<\/strong><\/p>\n<ul>\n<li>Capacidad para solicitar solo la cobertura de responsabilidad profesional si el asegurado tiene una cobertura de seguro de responsabilidad general comercial por separado.<\/li>\n<li>Responsabilidad general integral (formulario de siniestro) y responsabilidad por contaminaci\u00f3n de los contratistas (formulario de reclamaciones realizadas) disponibles.<\/li>\n<li>Cobertura retroactiva de actos anteriores disponible.<\/li>\n<li>Los costos de defensa pueden ser adicionales o estar incluidos en los l\u00edmites de la p\u00f3liza.<\/li>\n<li>Defensa del primer d\u00f3lar disponible.<\/li>\n<li>Se puede agregar responsabilidad por contaminaci\u00f3n de veh\u00edculos de motor para cualquiera o todos los veh\u00edculos del asegurado.<\/li>\n<li>Se utiliza un transportista con calificaciones excelentes.<\/li>\n<li>Cobertura contra moho disponible.<\/li>\n<\/ul>\n<p>Un Programa de seguro dise\u00f1ado espec\u00edficamente para Contratistas y Consultores de mitigaci\u00f3n de Rad\u00f3n que incluye Seguro de responsabilidad profesional, Seguro contra errores y omisiones y Seguro de responsabilidad general est\u00e1 disponible a trav\u00e9s de la North American Professional Liability Insurance Agency, NAPLIA (Agencia de Seguros de Responsabilidad Profesional de Norteam\u00e9rica).<\/p>\nPara m\u00e1s informaci\u00f3n, comun\u00edcate con:<br \/>\nRob Ferrini<br \/>\nNAPLIA<br \/>\n866-262-7542 ext 1327<br \/>\nwww.naplia.com\n\n","protected":false},"excerpt":{"rendered":"<p>Seguro E&amp;O\/Seguro de responsabilidad general disponible para profesionales certificados por el NRSB Caracter\u00edsticas del programa Capacidad para solicitar solo la cobertura de responsabilidad profesional si el asegurado tiene una cobertura de seguro de responsabilidad general comercial por separado. Responsabilidad general integral (formulario de siniestro) y responsabilidad por contaminaci\u00f3n de los contratistas (formulario de reclamaciones realizadas)&hellip;<\/p>\n","protected":false},"author":2,"featured_media":0,"parent":0,"menu_order":0,"comment_status":"closed","ping_status":"closed","template":"","meta":{"_acf_changed":false,"inline_featured_image":false,"footnotes":""},"class_list":["post-15421","page","type-page","status-publish","hentry"],"acf":[],"_links":{"self":[{"href":"https:\/\/nrsb.org\/es\/wp-json\/wp\/v2\/pages\/15421","targetHints":{"allow":["GET"]}}],"collection":[{"href":"https:\/\/nrsb.org\/es\/wp-json\/wp\/v2\/pages"}],"about":[{"href":"https:\/\/nrsb.org\/es\/wp-json\/wp\/v2\/types\/page"}],"author":[{"embeddable":true,"href":"https:\/\/nrsb.org\/es\/wp-json\/wp\/v2\/users\/2"}],"replies":[{"embeddable":true,"href":"https:\/\/nrsb.org\/es\/wp-json\/wp\/v2\/comments?post=15421"}],"version-history":[{"count":0,"href":"https:\/\/nrsb.org\/es\/wp-json\/wp\/v2\/pages\/15421\/revisions"}],"wp:attachment":[{"href":"https:\/\/nrsb.org\/es\/wp-json\/wp\/v2\/media?parent=15421"}],"curies":[{"name":"wp","href":"https:\/\/api.w.org\/{rel}","templated":true}]}}