{"id":15420,"date":"2024-08-27T10:34:27","date_gmt":"2024-08-27T10:34:27","guid":{"rendered":"https:\/\/nrsbesp.wpenginepowered.com\/initial-courses-for-mitigation\/"},"modified":"2026-04-20T14:16:51","modified_gmt":"2026-04-20T14:16:51","slug":"initial-courses-for-mitigation","status":"publish","type":"page","link":"https:\/\/nrsb.org\/es\/courses\/initial-courses-for-mitigation\/","title":{"rendered":"Initial Courses for Mitigation"},"content":{"rendered":"\n<h2>\n\t\t\tCursos iniciales de mitigaci\u00f3n\t<\/h2>\n<strong>CENTER FOR ENVIRONMENTAL RESEARCH &amp; TECHNOLOGY, INC. (CERTI)<\/strong><br \/>\n3 Foster Lane, Suite 102<br \/>\nFlemington, Nueva Jersey 08822<br \/>\nTel\u00e9fono: 800-513-8332<br \/>\n<a href=\"mailto:courses@certi.us\">courses@certi.us<\/a><br \/>\n<a href=\"https:\/\/www.certi.us\" target=\"_blank\" rel=\"noopener\">https:\/\/www.certi.us<\/a><br \/>\nCurso: Tecnolog\u00eda de mitigaci\u00f3n del rad\u00f3n: 24 cr\u00e9ditos\n<strong>EASTERN REGIONAL RADON TRAINING CENTER<\/strong><br \/>\nRutgers University, 102 Ryders Lane, New Brunswick, Nueva Jersey 08901<br \/>\nTel\u00e9fono: 848-932-9271<br \/>\n<a href=\"mailto:radon@njaes.rutgers.edu\">radon@njaes.rutgers.edu<\/a><br \/>\n<a href=\"https:\/\/cpe.rutgers.edu\/radon\" target=\"_blank\" rel=\"noopener\">https:\/\/cpe.rutgers.edu\/radon<\/a><br \/>\nCurso: Clase de competencia para la mitigaci\u00f3n del rad\u00f3n: 24 cr\u00e9ditos\n<strong>HOMESPECTION TRAINING INSTITUTE<\/strong><br \/>\n4683 Whipple Avenue, NW, Canton, Ohio 44718<br \/>\nTel\u00e9fono: 877-658-6143<br \/>\n<a href=\"mailto:homespection@aol.com\">homespection@aol.com<\/a><br \/>\n<a href=\"https:\/\/www.homespectionusa.com\/\" target=\"_blank\" rel=\"noopener\">https:\/\/www.homespectionusa.com<\/a><br \/>\nCurso: Curso de formaci\u00f3n sobre mitigaci\u00f3n del rad\u00f3n: 24 cr\u00e9ditos\n<strong>KANSAS STATE UNIVERSITY<\/strong><br \/>\n2323 Anderson Ave., Suite 300, Manhattan, Kansas 66502<br \/>\nTel\u00e9fono: 785-532-4995<br \/>\n<a href=\"mailto:radoncourse@ksu.edu\">radoncourse@ksu.edu<\/a><br \/>\n<a href=\"https:\/\/radoncourses.com\/\" target=\"_blank\" rel=\"noopener\">https:\/\/www.radoncourses.com<\/a><br \/>\nCurso: Medici\u00f3n y mitigaci\u00f3n de rad\u00f3n (en l\u00ednea): 40 cr\u00e9ditos\n<p><em>El asterisco (*) indica que se trata de un curso aprobado por el NRSB para la formaci\u00f3n externa.<\/em><\/p>\n<strong>SPRUCE ENVIRONMENTAL TECHNOLOGIES, INC.<\/strong><br \/>\nP.O. Box 8244 \/ 3 Saber Way, Ward Hill, Massachusetts 01835<br \/>\nTel\u00e9fono: 978-521-3703<br \/>\nFax: 978-521-3964<br \/>\n<a href=\"mailto:training@spruce.com\">training@spruce.com<\/a><br \/>\n<a href=\"https:\/\/www.spruce.com\/\" target=\"_blank\" rel=\"noopener\">https:\/\/www.spruce.com<\/a><br \/>\nCurso: Mitigaci\u00f3n del rad\u00f3n: 24 cr\u00e9ditos\n<p>&nbsp;<\/p>\n\n","protected":false},"excerpt":{"rendered":"<p>Cursos iniciales de mitigaci\u00f3n CENTER FOR ENVIRONMENTAL RESEARCH &amp; TECHNOLOGY, INC. (CERTI) 3 Foster Lane, Suite 102 Flemington, Nueva Jersey 08822 Tel\u00e9fono: 800-513-8332 courses@certi.us https:\/\/www.certi.us Curso: Tecnolog\u00eda de mitigaci\u00f3n del rad\u00f3n: 24 cr\u00e9ditos EASTERN REGIONAL RADON TRAINING CENTER Rutgers University, 102 Ryders Lane, New Brunswick, Nueva Jersey 08901 Tel\u00e9fono: 848-932-9271 radon@njaes.rutgers.edu https:\/\/cpe.rutgers.edu\/radon Curso: Clase de&hellip;<\/p>\n","protected":false},"author":2,"featured_media":0,"parent":15533,"menu_order":0,"comment_status":"closed","ping_status":"closed","template":"","meta":{"_acf_changed":false,"inline_featured_image":false,"footnotes":""},"class_list":["post-15420","page","type-page","status-publish","hentry"],"acf":[],"_links":{"self":[{"href":"https:\/\/nrsb.org\/es\/wp-json\/wp\/v2\/pages\/15420","targetHints":{"allow":["GET"]}}],"collection":[{"href":"https:\/\/nrsb.org\/es\/wp-json\/wp\/v2\/pages"}],"about":[{"href":"https:\/\/nrsb.org\/es\/wp-json\/wp\/v2\/types\/page"}],"author":[{"embeddable":true,"href":"https:\/\/nrsb.org\/es\/wp-json\/wp\/v2\/users\/2"}],"replies":[{"embeddable":true,"href":"https:\/\/nrsb.org\/es\/wp-json\/wp\/v2\/comments?post=15420"}],"version-history":[{"count":0,"href":"https:\/\/nrsb.org\/es\/wp-json\/wp\/v2\/pages\/15420\/revisions"}],"up":[{"embeddable":true,"href":"https:\/\/nrsb.org\/es\/wp-json\/wp\/v2\/pages\/15533"}],"wp:attachment":[{"href":"https:\/\/nrsb.org\/es\/wp-json\/wp\/v2\/media?parent=15420"}],"curies":[{"name":"wp","href":"https:\/\/api.w.org\/{rel}","templated":true}]}}