{"id":15419,"date":"2024-08-27T10:26:07","date_gmt":"2024-08-27T10:26:07","guid":{"rendered":"https:\/\/nrsbesp.wpenginepowered.com\/initial-courses-for-measurement\/"},"modified":"2026-04-20T14:16:51","modified_gmt":"2026-04-20T14:16:51","slug":"initial-courses-for-measurement","status":"publish","type":"page","link":"https:\/\/nrsb.org\/es\/courses\/initial-courses-for-measurement\/","title":{"rendered":"Initial Courses for Measurement"},"content":{"rendered":"\n<h2>\n\t\t\tInitial courses: measurement\t<\/h2>\n\t<strong>#1 RADON TESTER, LLC<\/strong><br \/>\nCelia Rajkovich, 122 W. 5th Avenue, Derry, PA 15627<br \/>\nTel\u00e9fono: 724-774-4535<br \/>\n<a href=\"mailto:numberoneradontester@comcast.net\">numberoneradontester@comcast.net<\/a><br \/>\n<a href=\"https:\/\/www.numberoneradontesterllc.com\/\" target=\"_blank\" rel=\"noopener\">https:\/\/www.numberoneradontesterllc.com<\/a><br \/>\nCurso: Curso de Medici\u00f3n de Rad\u00f3n para Pruebas, Laboratorios y Mitigadores (Presencial y por Correspondencia): 16 cr\u00e9ditos\n<strong>AIRTHINGS PRO ACADEMY<\/strong><br \/>\n9 Main Street, Suite F, Sutton, MA 01590<br \/>\nTel\u00e9fono: 833-776-2767<br \/>\nCorreo electr\u00f3nico: <a href=\"mailto:procademy@airthings.com\">procademy@airthings.com<\/a><br \/>\n<a href=\"https:\/\/www.airthings.com\/professionals\/courses\" target=\"_blank\" rel=\"noopener\">https:\/\/www.airthings.com\/professionals\/courses<\/a><br \/>\nCurso: AIRT-16-400 Especialista en Medici\u00f3n &#8211; Inicial (16 Cr\u00e9ditos)\n<strong>CENTER FOR ENVIRONMENTAL RESEARCH &amp; TECHNOLOGY, INC (CERTI)<\/strong><br \/>\n3 Foster Lane, Suite 102<br \/>\nFlemington, NJ 08822<br \/>\nTel\u00e9fono: 800-513-8332<br \/>\n<a href=\"mailto:courses@certi.us\">courses@certi.us<\/a><br \/>\n<a href=\"https:\/\/www.certi.us\" target=\"_blank\" rel=\"noopener\">https:\/\/www.certi.us<\/a><br \/>\nCurso: Curso de Medici\u00f3n de Rad\u00f3n y Productos de Decaimiento del Rad\u00f3n (en l\u00ednea): 24 cr\u00e9ditos\n<strong>(ECAN) ENVIRONMENTAL CONSULTANTS &amp; AFFILIATES NETWORK, LLC<\/strong><br \/>\n17 West Water Street, Munch, PA 17756<br \/>\nTel\u00e9fono: 570-505-1172<br \/>\n<a href=\"mailto:info@ECANLLC.com\">info@ECANLLC.com<\/a><br \/>\n<a href=\"https:\/\/ecanllc.com\/product-category\/education-1\/radon-1\/\">https:\/\/ecanllc.com\/product-category\/education-1\/radon-1\/<\/a><br \/>\nCurso: Curso Inicial de Medici\u00f3n de Rad\u00f3n (Presencial, Seminario en Vivo, En L\u00ednea, Estudio en Casa): 16 cr\u00e9ditos\n<strong>ECOSENSE<\/strong><br \/>\n1777 Hamilton Avenue<br \/>\nSan Jos\u00e9, CA 95125<br \/>\nTel\u00e9fono: 669-209-2233<br \/>\n<a href=\"mailto:support@ecosense.ip\">support@ecosense.ip<\/a><br \/>\n<a href=\"https:\/\/www.ecosense.io\">https:\/\/www.ecosense.io<\/a><br \/>\nCurso de Certificaci\u00f3n Profesional Inicial en Medici\u00f3n de Rad\u00f3n (16 Cr\u00e9ditos)\n<strong>HEALTHY HOMES RADON EDUCATION, INC.<\/strong><br \/>\n902 N. Linden, Normal IL 61761<br \/>\nTel\u00e9fono: 309-808-4663<br \/>\n<a href=\"mailto:Lin@HealthyHomesTraining.com\">Lin@HealthyHomesTraining.com<\/a><br \/>\n<a href=\"https:\/\/www.healthyhomestraining.com\/\" target=\"_blank\" rel=\"noopener\">https:\/\/www.HealthyHomesTraining.com<\/a><br \/>\nCurso: Radon 101: Curso de Inspecci\u00f3n y Medici\u00f3n (en l\u00ednea): 16 cr\u00e9ditos\n<strong>HOMESPECTION TRAINING INSTITUTE<\/strong><br \/>\n4683 Whipple Avenue, NW, Canton OH 44718<br \/>\nTel\u00e9fono: 877-658-6143<br \/>\n<a href=\"mailto:homespection@aol.com\">homespection@aol.com<\/a><br \/>\n<a href=\"https:\/\/www.homespectionusa.com\/\" target=\"_blank\" rel=\"noopener\">https:\/\/www.homespectionusa.com<\/a><br \/>\nCurso: Curso de Medici\u00f3n y Prueba de Rad\u00f3n: 16 cr\u00e9ditos\n<strong>KANSAS STATE UNIVERSITY<\/strong><br \/>\n2323 Anderson Ave., Suite 300, Manhattan, KS 66502<br \/>\nTel\u00e9fono: 785-532-4995<br \/>\n<a href=\"mailto:radoncourse@ksu.edu\">radoncourse@ksu.edu<\/a><br \/>\n<a href=\"https:\/\/radoncourses.com\/\" target=\"_blank\" rel=\"noopener\">https:\/\/www.radoncourses.com<\/a><br \/>\nCurso: Profesional\/Especialista en Medici\u00f3n: KSU-3000-16<br \/>\nCurso: Curso Combinado de Medici\u00f3n y Mitigaci\u00f3n de Rad\u00f3n (en l\u00ednea): 40 cr\u00e9ditos\n<strong>PROFESSIONAL HOME INSPECTION INSTITUTE<\/strong><br \/>\n101 N. Egan Avenue North, PO Box 303, Madison, SD 57042<br \/>\nTel\u00e9fono: 800-983-6322<br \/>\n<a href=\"https:\/\/www.radontraining.com\/\" target=\"_blank\" rel=\"noopener\">https:\/\/www.radontraining.com<\/a><br \/>\nCurso: Curso de Certificaci\u00f3n en Medici\u00f3n de Rad\u00f3n (en l\u00ednea): 16 cr\u00e9ditos\n<strong>RADALINK RADON MONITORS<\/strong><br \/>\n5599 Peachtree Road, Atlanta, GA 30341<br \/>\nTel\u00e9fono: 800-295-4655<br \/>\n<a href=\"mailto:radalink@radalink.com\">radalink@radalink.com<\/a><br \/>\n<a href=\"https:\/\/www.radalink.com\/\" target=\"_blank\" rel=\"noopener\">https:\/\/www.radalink.com<\/a><br \/>\nCurso: Curso de Certificaci\u00f3n de Especialista en Medici\u00f3n de Rad\u00f3n: 16 cr\u00e9ditos\n<strong>THE RADON ACADEMY, LLC<\/strong><br \/>\n406 Ramblewood Drive, Apt C<br \/>\nGlen Ellyn, IL 60137<br \/>\nTel\u00e9fono: 914-999-8858<br \/>\n<a href=\"mailto:info@theradonacademy.com\">info@theradonacademy.com<\/a><br \/>\n<a href=\"https:\/\/www.theradonacademy.com\/\" target=\"_blank\" rel=\"noopener\">https:\/\/www.theradonacademy.com<\/a><br \/>\nCurso: Curso Inicial de Medici\u00f3n de Rad\u00f3n \u00abIntroducci\u00f3n a la Detecci\u00f3n de Rad\u00f3n RN 100.23\u00bb (en l\u00ednea): 16 cr\u00e9ditos\n<strong>RADON TESTING CORPORATION OF AMERICA (RTCA)<\/strong><br \/>\n2 Hayes Street, Elmsford, NY 10523<br \/>\nTel\u00e9fono: 800-457-2366<br \/>\n<a href=\"mailto:rtcaedu@rtca.com\">rtcaedu@rtca.com<\/a><br \/>\n<a href=\"https:\/\/www.rtcaeducation.com\/\" target=\"_blank\" rel=\"noopener\">https:\/\/www.rtcaeducation.com<\/a><br \/>\nCurso: Curso de Operador de Medici\u00f3n de Rad\u00f3n para Especialistas (en l\u00ednea): 16 cr\u00e9ditos\n<strong>SPRUCE ENVIRONMENTAL TECHNOLOGIES, INC.<\/strong><br \/>\nP.O. Box 8244, 3 Saber Way, Ward Hill, MA 01835<br \/>\nTel\u00e9fono: 800-355-0901<br \/>\nFax: 978-521-3964<br \/>\n<a href=\"mailto:training@spruce.com\">training@spruce.com<\/a><br \/>\n<a href=\"https:\/\/www.spruce.com\/\" target=\"_blank\" rel=\"noopener\">https:\/\/www.spruce.com<\/a><br \/>\nCurso: Curso Residencial de Medici\u00f3n de Rad\u00f3n: 16 cr\u00e9ditos\n\n","protected":false},"excerpt":{"rendered":"<p>Initial courses: measurement #1 RADON TESTER, LLC Celia Rajkovich, 122 W. 5th Avenue, Derry, PA 15627 Tel\u00e9fono: 724-774-4535 numberoneradontester@comcast.net https:\/\/www.numberoneradontesterllc.com Curso: Curso de Medici\u00f3n de Rad\u00f3n para Pruebas, Laboratorios y Mitigadores (Presencial y por Correspondencia): 16 cr\u00e9ditos AIRTHINGS PRO ACADEMY 9 Main Street, Suite F, Sutton, MA 01590 Tel\u00e9fono: 833-776-2767 Correo electr\u00f3nico: procademy@airthings.com https:\/\/www.airthings.com\/professionals\/courses Curso:&hellip;<\/p>\n","protected":false},"author":2,"featured_media":0,"parent":15533,"menu_order":0,"comment_status":"closed","ping_status":"closed","template":"","meta":{"_acf_changed":false,"inline_featured_image":false,"footnotes":""},"class_list":["post-15419","page","type-page","status-publish","hentry"],"acf":[],"_links":{"self":[{"href":"https:\/\/nrsb.org\/es\/wp-json\/wp\/v2\/pages\/15419","targetHints":{"allow":["GET"]}}],"collection":[{"href":"https:\/\/nrsb.org\/es\/wp-json\/wp\/v2\/pages"}],"about":[{"href":"https:\/\/nrsb.org\/es\/wp-json\/wp\/v2\/types\/page"}],"author":[{"embeddable":true,"href":"https:\/\/nrsb.org\/es\/wp-json\/wp\/v2\/users\/2"}],"replies":[{"embeddable":true,"href":"https:\/\/nrsb.org\/es\/wp-json\/wp\/v2\/comments?post=15419"}],"version-history":[{"count":0,"href":"https:\/\/nrsb.org\/es\/wp-json\/wp\/v2\/pages\/15419\/revisions"}],"up":[{"embeddable":true,"href":"https:\/\/nrsb.org\/es\/wp-json\/wp\/v2\/pages\/15533"}],"wp:attachment":[{"href":"https:\/\/nrsb.org\/es\/wp-json\/wp\/v2\/media?parent=15419"}],"curies":[{"name":"wp","href":"https:\/\/api.w.org\/{rel}","templated":true}]}}