{"id":15418,"date":"2024-08-27T10:47:23","date_gmt":"2024-08-27T10:47:23","guid":{"rendered":"https:\/\/nrsbesp.wpenginepowered.com\/how-to-submit-a-course\/"},"modified":"2026-04-20T14:16:51","modified_gmt":"2026-04-20T14:16:51","slug":"how-to-submit-a-course","status":"publish","type":"page","link":"https:\/\/nrsb.org\/es\/courses\/how-to-submit-a-course\/","title":{"rendered":"How to submit a course"},"content":{"rendered":"\n<h2>\n\t\t\t\u00bfC\u00f3mo enviar un curso?\t<\/h2>\n<h4><strong>Para enviar un curso para la aprobaci\u00f3n del NRSB:<\/strong><\/h4>\n<ul>\n<li>Completa todos los elementos de las solicitudes del NRSB para la aprobaci\u00f3n del curso y el instructor.<\/li>\n<li>Env\u00eda dos copias del material del curso.<\/li>\n<li>Realiza el pago de la solicitud (no reembolsable).<\/li>\n<\/ul>\nPara calcular la tarifa:<br \/>\nN\u00famero de cr\u00e9ditos _____ x $25= ______ tarifa total<br \/>\nPor ejemplo: 8\u00a0cr\u00e9ditos x $25.00 = $200.00 tarifa total\n<p>Si aprobamos tu curso, se agregar\u00e1 a nuestro sitio web.<\/p>\n\t\t\t<a href=\"\/wp-content\/uploads\/2025\/01\/NRSB-CE-Course-Review-Criteria-FINAL-24Jan2025.pdf\"  target=\"_blank\" rel=\"noopener\"    rel=\"noopener\">\n\t\t\t\t\t\t\tCriterios de revisi\u00f3n del curso del NRSB \u00bb\n\t\t\t\t\t<\/a>\n\t\t\t<a href=\"\/wp-content\/uploads\/2025\/01\/Course-Approval-Application-Jan2025.pdf\"  target=\"_blank\" rel=\"noopener\"    rel=\"noopener\">\n\t\t\t\t\t\t\t  Solicitud de aprobaci\u00f3n del curso \u00bb\n\t\t\t\t\t<\/a>\n\t\t\t<a href=\"\/wp-content\/uploads\/nrsb-all-pdf\/Course-Instructor-Approval-Form.pdf\"  target=\"_blank\" rel=\"noopener\"    rel=\"noopener\">\n\t\t\t\t\t\t\tSolicitud de aprobaci\u00f3n del instructor \u00bb\n\t\t\t\t\t<\/a>\n\n","protected":false},"excerpt":{"rendered":"<p>\u00bfC\u00f3mo enviar un curso? Para enviar un curso para la aprobaci\u00f3n del NRSB: Completa todos los elementos de las solicitudes del NRSB para la aprobaci\u00f3n del curso y el instructor. Env\u00eda dos copias del material del curso. Realiza el pago de la solicitud (no reembolsable). Para calcular la tarifa: N\u00famero de cr\u00e9ditos _____ x $25=&hellip;<\/p>\n","protected":false},"author":2,"featured_media":0,"parent":15533,"menu_order":0,"comment_status":"closed","ping_status":"closed","template":"","meta":{"_acf_changed":false,"inline_featured_image":false,"footnotes":""},"class_list":["post-15418","page","type-page","status-publish","hentry"],"acf":[],"_links":{"self":[{"href":"https:\/\/nrsb.org\/es\/wp-json\/wp\/v2\/pages\/15418","targetHints":{"allow":["GET"]}}],"collection":[{"href":"https:\/\/nrsb.org\/es\/wp-json\/wp\/v2\/pages"}],"about":[{"href":"https:\/\/nrsb.org\/es\/wp-json\/wp\/v2\/types\/page"}],"author":[{"embeddable":true,"href":"https:\/\/nrsb.org\/es\/wp-json\/wp\/v2\/users\/2"}],"replies":[{"embeddable":true,"href":"https:\/\/nrsb.org\/es\/wp-json\/wp\/v2\/comments?post=15418"}],"version-history":[{"count":0,"href":"https:\/\/nrsb.org\/es\/wp-json\/wp\/v2\/pages\/15418\/revisions"}],"up":[{"embeddable":true,"href":"https:\/\/nrsb.org\/es\/wp-json\/wp\/v2\/pages\/15533"}],"wp:attachment":[{"href":"https:\/\/nrsb.org\/es\/wp-json\/wp\/v2\/media?parent=15418"}],"curies":[{"name":"wp","href":"https:\/\/api.w.org\/{rel}","templated":true}]}}