{"id":15417,"date":"2024-08-26T07:40:37","date_gmt":"2024-08-26T07:40:37","guid":{"rendered":"https:\/\/nrsbesp.wpenginepowered.com\/for-professional\/how-to-become-an-nrsb-certified-professional\/"},"modified":"2026-04-20T08:59:12","modified_gmt":"2026-04-20T08:59:12","slug":"how-to-become-an-nrsb-certified-professional","status":"publish","type":"page","link":"https:\/\/nrsb.org\/es\/for-professional\/how-to-become-an-nrsb-certified-professional\/","title":{"rendered":"HOW TO BECOME AN NRSB-CERTIFIED PROFESSIONAL"},"content":{"rendered":"\n\n<h2>\n\t\t\tC\u00d3MO OBTENER LA CERTIFICACI\u00d3N DEL NRSB\t<\/h2>\n\t<p>Antes de certificarte con el NRSB, debes asegurarte de cumplir con todas las regulaciones en los estados en los que prestar\u00e1s servicios de rad\u00f3n. Algunos estados tambi\u00e9n tienen requisitos para otorgar licencias. Te recomendamos que consultes con el representante estatal de rad\u00f3n para obtener informaci\u00f3n actualizada. El siguiente enlace te llevar\u00e1 a un mapa de EE.\u00a0UU., donde puedes encontrar enlaces a los programas estatales: <a href=\"https:\/\/sosradon.org\/state-radon-contact-map\">https:\/\/sosradon.org\/state-radon-contact-map<\/a><\/p>\n<p>La certificaci\u00f3n del NRSB garantiza que cumples con los est\u00e1ndares nacionales actuales de rad\u00f3n. Las licencias las expide el Estado, no el NRSB. Sin embargo, en muchos estados se requiere una licencia para operar y aceptan la certificaci\u00f3n del NRSB como un requisito para obtener dicha licencia.<\/p>\n<p>Aqu\u00ed hay una lista de verificaci\u00f3n sencilla para la certificaci\u00f3n inicial del NRSB:<\/p>\n<ol>\n<li>Completar un curso inicial aprobado por el NRSB. Aqu\u00ed puedes encontrar la lista de cursos iniciales de medici\u00f3n aprobados: <a href=\"https:\/\/nrsb.org\/courses\/initial-courses-for-measurement\">https:\/\/nrsb.org\/courses\/initial-courses-for-measurement<\/a>. Aqu\u00ed puedes encontrar la lista de cursos iniciales de mitigaci\u00f3n aprobados: <a href=\"https:\/\/nrsb.org\/courses\/initial-courses-for-mitigation\">https:\/\/nrsb.org\/courses\/initial-courses-for-mitigation<\/a>.<\/li>\n<li>Env\u00eda una copia del certificado de finalizaci\u00f3n de este curso con la solicitud inicial.<\/li>\n<li>Toma y aprueba el examen del NRSB para obtener la certificaci\u00f3n deseada: T\u00e9cnico en medici\u00f3n de rad\u00f3n (RMT), Especialista en medici\u00f3n de rad\u00f3n (RMS) o Especialista en mitigaci\u00f3n de rad\u00f3n (RRS). El enlace para solicitar y programar estos ex\u00e1menes es: <a href=\"https:\/\/nrsb.org\/exams\/digital-exam-information\/\">https:\/\/nrsb.org\/exams\/digital-exam-information\/<\/a><\/li>\n<li>Env\u00eda una copia de tu carta de puntaje del examen del NRSB con calificaci\u00f3n aprobatoria (70% o m\u00e1s) con la solicitud inicial.<\/li>\n<li>Completa la(s) solicitud(es) INICIAL(es) de certificaci\u00f3n, incluida la documentaci\u00f3n requerida detallada en cada una. Los enlaces a estos documentos se encuentran a continuaci\u00f3n en cada designaci\u00f3n de certificado.<\/li>\n<\/ol>\n<p>Para quienes buscan certificarse como T\u00e9cnico en medici\u00f3n de rad\u00f3n o Especialista en medici\u00f3n de rad\u00f3n:<\/p>\n<ul>\n<li aria-level=\"1\">Debes usar un dispositivo aprobado por el NRSB para la medici\u00f3n. Este es el enlace a la lista de dispositivos aprobados por el NRSB: <a href=\"https:\/\/nrsb.org\/wp-content\/uploads\/nrsb-all-pdf\/NRSB-Approved-Devices.pdf\">https:\/\/nrsb.org\/wp-content\/uploads\/nrsb-all-pdf\/NRSB-Approved-Devices.pdf<\/a>\n<ul>\n<li aria-level=\"1\"><b>CR<\/b>:<\/li>\n<\/ul>\n<\/li>\n<\/ul>\n<p>Proporciona un certificado de calibraci\u00f3n actual (\u00faltimos 12\u00a0meses) para cada dispositivo CR que aparezca en la solicitud.<\/p>\n<p>Env\u00eda una prueba de competencia para cada tipo de dispositivo CR que aparece en la solicitud, realizada por una de nuestras c\u00e1maras secundarias: <a href=\"https:\/\/nrsb.org\/radon-chambers\/nrsb-accredited-chambers\/\">https:\/\/nrsb.org\/radon-chambers\/nrsb-accredited-chambers\/<\/a><\/p>\n<ul>\n<li>\n<ul>\n<li aria-level=\"1\"><strong>Dispositivo de c\u00e1mara de iones electret (EL, ES)<\/strong>:\n<ul>\n<li aria-level=\"2\">Solo los Laboratorios acreditados por el NRSB pueden hacer lecturas en sus electrets propios.<\/li>\n<li aria-level=\"2\">Proporciona un certificado de calibraci\u00f3n actual (\u00faltimos 12\u00a0meses) para cada uso del Lector de voltios de los dispositivos enumerados en la solicitud.<\/li>\n<\/ul>\n<\/li>\n<\/ul>\n<\/li>\n<\/ul>\n<ul>\n<li aria-level=\"2\">Env\u00eda una prueba de competencia de cada tipo de dispositivo EL o ES que aparece en la solicitud, realizada por una de nuestras c\u00e1maras secundarias del NRSB: <a href=\"https:\/\/nrsb.org\/radon-chambers\/nrsb-accredited-chambers.\">https:\/\/nrsb.org\/radon-chambers\/nrsb-accredited-chambers.<\/a><\/li>\n<\/ul>\n<p>Para quienes buscan certificarse como <strong>Especialista en rehabilitaci\u00f3n (mitigaci\u00f3n) de rad\u00f3n<\/strong>:<\/p>\n<ul>\n<li aria-level=\"1\">Env\u00eda un certificado de m\u00ednimo <strong>16\u00a0horas de capacitaci\u00f3n en medici\u00f3n de rad\u00f3n, adem\u00e1s del curso de capacitaci\u00f3n inicial de mitigaci\u00f3n aprobado por el NRSB.<\/strong><\/li>\n<\/ul>\n<p><em>Para comenzar tu solicitud de certificaci\u00f3n del NRSB, haz clic en cada secci\u00f3n a continuaci\u00f3n!<\/em><\/p>\n\t<p>PROCESO DE CERTIFICACI\u00d3N ALTERNA NRSB<\/p>\n<p>Los primeros 4 pasos en el proceso est\u00e1ndar para obtener la certificaci\u00f3n NRSB como profesional de rad\u00f3n son tomar uno de los cursos iniciales de medici\u00f3n y\/o mitigaci\u00f3n aprobados por NRSB y luego tomar el examen NRSB correspondiente, como se describe en el proceso a la izquierda.<\/p>\nEn reconocimiento del Estado <strong>rad\u00f3n<\/strong> licencia y\/o certificaci\u00f3n a trav\u00e9s de NRPP, el NRSB aceptar\u00e1 lo siguiente <br \/>\nen lugar del curso y examen inicial de NRSB:\n<p>o Una copia de un actual Licencia estatal de rad\u00f3n o actual Certificado NRPP<\/p>\n<p>o Copias de los certificados de cursos de Educaci\u00f3n Continua que se hayan tomado durante el per\u00edodo de renovaci\u00f3n actual.<\/p>\n<p><strong>TODA LA DEM\u00c1S DOCUMENTACI\u00d3N, INCLUIDA LA SOLICITUD INICIAL Y OTROS DOCUMENTOS REQUERIDOS, DEBE PRESENTARSE PARA COMPLETAR EL PROCESO DE CERTIFICACI\u00d3N NRSB<\/strong><\/p>\n\t\t\t\t\t\t\t\t\t\t<h4 tabindex=\"0\">C\u00f3mo obtener la certificaci\u00f3n como T\u00e9cnico de medici\u00f3n de rad\u00f3n (RMT)<\/h4>\n\t\t\t\t\t<p>C\u00d3MO OBTENER LA CERTIFICACI\u00d3N COMO T\u00c9CNICO DE MEDICI\u00d3N DE RAD\u00d3N (RMT)<\/p>\n<p><strong>Los t\u00e9cnicos de medici\u00f3n de rad\u00f3n (RMT)<\/strong> est\u00e1n capacitados para colocar y recuperar dispositivos de medici\u00f3n con el fin de recopilar datos de rad\u00f3n. Esto debe hacerse de acuerdo con un programa activo de control de calidad (QAP) bajo la supervisi\u00f3n de un Especialista certificado en medici\u00f3n de rad\u00f3n (RMS) o un Laboratorio de rad\u00f3n acreditado (ARL) por el NRSB. Un T\u00e9cnico en medici\u00f3n de rad\u00f3n puede supervisar el programa exhaustivo de control de calidad (QAP) solo para servicios de medici\u00f3n autoprovistos. Un Especialista en medici\u00f3n de rad\u00f3n debe supervisar el QAP para cualquier otro tipo de servicio de medici\u00f3n, incluidos los servicios de laboratorio y c\u00e1mara.<\/p>\n<p>Para obtener la certificaci\u00f3n del NRSB como RMT, debes completar lo siguiente:<\/p>\n<ul>\n<li aria-level=\"1\">Si tienes tu propio negocio, completa la Solicitud de registro para negocios de rad\u00f3n: https:\/\/nrsb.org\/wp-content\/uploads\/nrsb-all-pdf\/App-Reg-Business-Fillin.pdf<\/li>\n<\/ul>\n<ul>\n<li>\n<ul>\n<li aria-level=\"2\">Si te afilias con un negocio de rad\u00f3n existente y ya registrado en el NRSB, NO tienes que completar esta solicitud.<\/li>\n<\/ul>\n<\/li>\n<\/ul>\n<ul>\n<li>\n<ul>\n<li aria-level=\"1\"><strong>Solicitud inicial para T\u00e9cnico en medici\u00f3n de rad\u00f3n<\/strong>:<br \/>\n<a href=\"https:\/\/nrsb.org\/wp-content\/uploads\/nrsb-all-pdf\/App-Measurement-Certification-Initial-RMS-Fillin.pdf\">https:\/\/nrsb.org\/wp-content\/uploads\/nrsb-all-pdf\/App-Measurement-Certification-Initial-RMS-Fillin.pdf<\/a>\n<ul>\n<li aria-level=\"2\">Env\u00eda una copia del certificado completado para acceder a un curso de capacitaci\u00f3n en medici\u00f3n inicial aprobado por el NRSB. Estos se pueden encontrar en el siguiente enlace<a href=\"https:\/\/nrsb.org\/courses\/initial-courses-for-measurement\">https:\/\/nrsb.org\/courses\/initial-courses-for-measurement<\/a><\/li>\n<li aria-level=\"2\">Env\u00eda una copia de la Carta de puntaje del examen para RMT del NRSB. Debes obtener una puntuaci\u00f3n del 70% o m\u00e1s para obtener la certificaci\u00f3n. Para m\u00e1s informaci\u00f3n, incluyendo c\u00f3mo solicitar un examen, visita: <a href=\"https:\/\/nrsb.org\/exams\/digital-exam-information\/\">https:\/\/nrsb.org\/exams\/digital-exam-information\/<\/a>\n<ul>\n<li aria-level=\"2\">Los resultados del examen tienen <strong>VALIDEZ DE 1\u00a0A\u00d1O DESPU\u00c9S DE LA FECHA DEL EXAMEN<\/strong> para fines de certificaci\u00f3n del NRSB.<\/li>\n<\/ul>\n<\/li>\n<\/ul>\n<\/li>\n<li>Los solicitantes deben mencionar qu\u00e9 tipos de dispositivos utilizan y mencionar los c\u00f3digos NRSB de los dispositivos y los c\u00f3digos NRSB de medici\u00f3n en la solicitud. Aqu\u00ed puedes encontrar la lista de dispositivos aprobados por el NRSB: <a href=\"https:\/\/nrsb.org\/wp-content\/uploads\/nrsb-all-pdf\/NRSB-Approved-Devices.pdf\">https:\/\/nrsb.org\/wp-content\/uploads\/nrsb-all-pdf\/NRSB-Approved-Devices.pdf<\/a><\/li>\n<\/ul>\n<\/li>\n<\/ul>\n<p><b>Firma, fecha y env\u00eda por correo, fax o correo electr\u00f3nico las solicitudes y los documentos a:<\/b><\/p>\nNational Radon Safety Board<br \/>\n14 Hayes Street<br \/>\nElmsford, NY 10523<br \/>\nEmail:<a href=\"mailto:info@nrsbdev.wpenginepowered.com\">info@nrsbdev.wpenginepowered.com<br \/>\n<\/a>Fax: (914) 345-1169\n<p>La Oficina Administrativa del NRSB (Junta Nacional de Seguridad de Rad\u00f3n) revisa todas las solicitudes y, si la documentaci\u00f3n est\u00e1 en orden, emite la certificaci\u00f3n correspondiente. Se env\u00eda por correo electr\u00f3nico un certificado de 8&#8243; x 10&#8243; y una tarjeta de identificaci\u00f3n al solicitante. La informaci\u00f3n de certificaci\u00f3n individual se publica en el sitio web del NRSB.<\/p>\n<p>Si una solicitud est\u00e1 incompleta o no est\u00e1 en orden, se notifica al solicitante por tel\u00e9fono o correo electr\u00f3nico. Una vez corregidas las deficiencias en la solicitud, la certificaci\u00f3n es otorgada.<\/p>\n<p><strong>Una vez que reciben la solicitud inicial, los solicitantes tienen hasta 6\u00a0meses para completar el proceso.<\/strong><\/p>\n\t\t\t\t\t\t\t\t\t\t<h4 tabindex=\"0\"> C\u00f3mo obtener la certificaci\u00f3n como Especialista en medici\u00f3n de rad\u00f3n (RMS)<\/h4>\n<p><strong>C\u00d3MO OBTENER LA CERTIFICACI\u00d3N COMO ESPECIALISTA EN MEDICI\u00d3N DE RAD\u00d3N (RMS)<\/strong><\/p>\n<p>Para obtener la certificaci\u00f3n, los candidatos deben tener conocimientos pr\u00e1cticos de las t\u00e9cnicas de medici\u00f3n de rad\u00f3n y los riesgos para la salud y deben demostrar un amplio conocimiento en todos los aspectos de la mitigaci\u00f3n del rad\u00f3n residencial. Esto incluye la capacidad de evaluar la calidad de las mediciones de rad\u00f3n, evaluar estrategias alternativas de mitigaci\u00f3n y dise\u00f1ar e instalar adecuadamente sistemas de control efectivos.<\/p>\n<p>Para obtener la certificaci\u00f3n del NRSB, debes completar lo siguiente:<\/p>\n<ul>\n<li aria-level=\"1\">Si tienes tu propio negocio, completa la Solicitud de registro para negocios de rad\u00f3n: <a href=\"https:\/\/nrsb.org\/wp-content\/uploads\/nrsb-all-pdf\/App-Reg-Business-Fillin.pdf\">https:\/\/nrsb.org\/wp-content\/uploads\/nrsb-all-pdf\/App-Reg-Business-Fillin.pdf<\/a><\/li>\n<\/ul>\n<ul>\n<li>\n<ul>\n<li aria-level=\"2\">Si te afilias con un negocio de rad\u00f3n existente y ya registrado en el NRSB, NO tienes que completar esta solicitud.<\/li>\n<\/ul>\n<\/li>\n<\/ul>\n<ul>\n<li aria-level=\"1\">Solicitud inicial para Especialista en medici\u00f3n de rad\u00f3n: <a href=\"https:\/\/nrsb.org\/wp-content\/uploads\/nrsb-all-pdf\/App-Measurement-Certification-Initial-RMS-Fillin.pdf\">https:\/\/nrsb.org\/wp-content\/uploads\/nrsb-all-pdf\/App-Measurement-Certification-Initial-RMS-Fillin.pdf<\/a>\nEnv\u00eda una copia del certificado completado para acceder a un curso de capacitaci\u00f3n en medici\u00f3n inicial aprobado por el NRSB. Estos se pueden encontrar en el siguiente enlace: <a href=\"https:\/\/nrsb.org\/courses\/initial-courses-for-measurement\">https:\/\/nrsb.org\/courses\/initial-courses-for-measurement<\/a><\/li>\n<\/ul>\n<ul>\n<li>\n<ul>\n<li aria-level=\"2\">Env\u00eda una copia de la Carta de puntaje del examen para RMS del NRSB. Debes obtener una puntuaci\u00f3n del 70% o m\u00e1s para obtener la certificaci\u00f3n. Para m\u00e1s informaci\u00f3n, incluyendo c\u00f3mo solicitar un examen, visita:<a href=\"https:\/\/nrsb.org\/exams\/digital-exam-information\/\"> https:\/\/nrsb.org\/exams\/digital-exam-information\/<\/a>\n&nbsp;<\/li>\n<\/ul>\n<\/li>\n<\/ul>\n<ul>\n<li>\n<ul>\n<li>\n<ul>\n<li aria-level=\"3\">Los resultados del examen tienen <strong>VALIDEZ DE 1\u00a0A\u00d1O DESPU\u00c9S DE LA FECHA DEL EXAMEN<\/strong> para fines de certificaci\u00f3n del NRSB.<\/li>\n<\/ul>\n<\/li>\n<\/ul>\n<\/li>\n<\/ul>\n<ul>\n<li aria-level=\"1\">Los solicitantes deben mencionar qu\u00e9 tipos de dispositivos utilizan y mencionar los c\u00f3digos NRSB de los dispositivos y los c\u00f3digos NRSB de medici\u00f3n en la solicitud. Aqu\u00ed puedes encontrar la lista de dispositivos aprobados por el NRSB: <a href=\"https:\/\/nrsb.org\/wp-content\/uploads\/nrsb-all-pdf\/NRSB-Approved-Devices.pdf\">https:\/\/nrsb.org\/wp-content\/uploads\/nrsb-all-pdf\/NRSB-Approved-Devices.pdf\u00a0<\/a>\n<ul>\n<li aria-level=\"2\">Especifica si t\u00fa leer\u00e1s los dispositivos y firmar\u00e1s\/enviar\u00e1s los informes O BIEN si un Laboratorio acreditado por el NRSB (ARL) lo har\u00e1 por ti.<\/li>\n<\/ul>\n<\/li>\n<li aria-level=\"1\"><b>CR<\/b>:<\/li>\n<\/ul>\n<ul>\n<li>\n<ul>\n<li aria-level=\"1\">Debes proporcionar un certificado de calibraci\u00f3n actual (\u00faltimos 12\u00a0meses) para cada dispositivo CR que aparece en la solicitud.<\/li>\n<\/ul>\n<\/li>\n<\/ul>\n<ul>\n<li>\n<ul>\n<li aria-level=\"1\">Debes enviar una prueba de competencia para cada tipo de dispositivo CR que aparece en la solicitud, realizada por una de nuestras c\u00e1maras secundarias: <a href=\"https:\/\/nrsb.org\/radon-chambers\/nrsb-accredited-chambers\/\">https:\/\/nrsb.org\/radon-chambers\/nrsb-accredited-chambers\/<\/a>\n&nbsp;<\/li>\n<\/ul>\n<\/li>\n<\/ul>\n<ul>\n<li aria-level=\"1\"><strong>Dispositivo de c\u00e1mara de iones electret (EL, ES)<\/strong>:\n<ul>\n<li>Solo los Laboratorios acreditados por el NRSB pueden hacer lecturas en sus electrets propios: <a href=\"https:\/\/nrsb.org\/wp-content\/uploads\/nrsb-all-pdf\/App-Lab-Accreditation-Fillin.pdf\">https:\/\/nrsb.org\/wp-content\/uploads\/nrsb-all-pdf\/App-Lab-Accreditation-Fillin.pdf<\/a><\/li>\n<\/ul>\n<\/li>\n<\/ul>\n<ul>\n<li>\n<ul>\n<li aria-level=\"1\">Debes proporcionar un certificado de calibraci\u00f3n actual (\u00faltimos 12\u00a0meses) para cada lector de voltios electret que aparece en la lista.<\/li>\n<\/ul>\n<\/li>\n<\/ul>\n<ul>\n<li>\n<ul>\n<li aria-level=\"1\">Debes enviar una prueba de competencia para cada tipo de dispositivo EL o ES que aparece en la solicitud, realizada por una de nuestras c\u00e1maras secundarias: <a href=\"https:\/\/nrsb.org\/radon-chambers\/nrsb-accredited-chambers\/.\">https:\/\/nrsb.org\/radon-chambers\/nrsb-accredited-chambers\/<\/a>\n&nbsp;<\/li>\n<\/ul>\n<\/li>\n<\/ul>\n<strong>Firma, fecha y env\u00eda por correo, fax o correo electr\u00f3nico las solicitudes a:<\/strong><br \/>\nNational Radon Safety Board<br \/>\n14 Hayes Street<br \/>\nElmsford, NY 10523<br \/>\nEmail:<a href=\"mailto:info@nrsbdev.wpenginepowered.com\">info@nrsbdev.wpenginepowered.com<br \/>\n<\/a>Fax: (914) 345-1169\n<p>La Oficina Administrativa del NRSB (Junta Nacional de Seguridad de Rad\u00f3n) revisa todas las solicitudes y, si la documentaci\u00f3n est\u00e1 en orden, emite la certificaci\u00f3n correspondiente. Se env\u00eda por correo electr\u00f3nico un certificado para colgar de 8&#8243; x 10&#8243; y una tarjeta de identificaci\u00f3n al solicitante. La informaci\u00f3n de certificaci\u00f3n individual se publica en el sitio web del NRSB.<\/p>\n<p>Si una solicitud est\u00e1 incompleta o no est\u00e1 en orden, se notifica al solicitante por tel\u00e9fono o correo electr\u00f3nico. Una vez corregidas las deficiencias en la solicitud, la certificaci\u00f3n es otorgada.<\/p>\n<p><em><strong>Una vez que reciben la solicitud inicial, los solicitantes tienen hasta 6\u00a0meses para completar el proceso.<\/strong><\/em><\/p>\n\t\t\t\t\t\t\t\t\t\t<h4 tabindex=\"0\">C\u00f3mo obtener la certificaci\u00f3n como Especialista en mitigaci\u00f3n (mitigaci\u00f3n) de rad\u00f3n (RRS)<\/h4>\n<p><strong>C\u00d3MO OBTENER LA CERTIFICACI\u00d3N COMO ESPECIALISTA en mitigaci\u00f3n (MITIGACI\u00d3N) DE RAD\u00d3N (RRS)<\/strong><\/p>\n<p>Para obtener la certificaci\u00f3n, los candidatos deben tener conocimientos pr\u00e1cticos de las t\u00e9cnicas de medici\u00f3n de rad\u00f3n y los riesgos para la salud, y deben demostrar un amplio conocimiento en todos los aspectos de la mitigaci\u00f3n del rad\u00f3n. Esto incluye la capacidad de evaluar la calidad de las mediciones de rad\u00f3n, evaluar estrategias alternativas de mitigaci\u00f3n y dise\u00f1ar e instalar adecuadamente sistemas de control efectivos para el tipo de edificio que ser\u00e1 mitigado<\/p>\n<p>Para obtener la certificaci\u00f3n del NRSB, debes completar lo siguiente:<\/p>\n<ul>\n<li>Si tienes tu propio negocio, completa la Solicitud de registro para negocios de rad\u00f3n: <a href=\"https:\/\/nrsb.org\/wp-content\/uploads\/nrsb-all-pdf\/App-Reg-Business-Fillin.pdf.\">https:\/\/nrsb.org\/wp-content\/uploads\/nrsb-all-pdf\/App-Reg-Business-Fillin.pdf.<\/a>\n<ul>\n<li aria-level=\"2\">Si te afilias con un negocio de rad\u00f3n existente y ya registrado en el NRSB, NO tienes que completar esta solicitud.<\/li>\n<\/ul>\n<\/li>\n<\/ul>\n<ul>\n<li aria-level=\"1\">Solicitud inicial para Especialista en mitigaci\u00f3n de rad\u00f3n: <a href=\"https:\/\/nrsb.org\/wp-content\/uploads\/nrsb-all-pdf\/App-Mitigation-Certification-Initial-Fillin.pdf\">https:\/\/nrsb.org\/wp-content\/uploads\/nrsb-all-pdf\/App-Mitigation-Certification-Initial-Fillin.pdf<\/a>\n<ul>\n<li aria-level=\"3\">Env\u00eda una copia de los certificados completados de 16\u00a0horas de los cursos de capacitaci\u00f3n inicial de medici\u00f3n de rad\u00f3n aprobado por el NRSB. Puedes encontrarlos en el siguiente enlace: <a href=\"https:\/\/nrsb.org\/courses\/initial-courses-for-measurement\/\">https:\/\/nrsb.org\/courses\/initial-courses-for-measurement\/<\/a><\/li>\n<li aria-level=\"3\">Env\u00eda una copia del certificado de un curso completado de capacitaci\u00f3n inicial aprobado por el NRSB. Puedes encontrarlos en el siguiente enlace: https:\/\/nrsb.org\/courses\/initial-courses-for-mitigation\/.<\/li>\n<li aria-level=\"3\">Env\u00eda una copia de la Carta de puntaje del examen del NRSB del examen para RRS del NRSB. Debes obtener una puntuaci\u00f3n del 70% o m\u00e1s para obtener la certificaci\u00f3n.\u00a0 Para m\u00e1s informaci\u00f3n, incluyendo c\u00f3mo solicitar un examen, visita: <a href=\"https:\/\/nrsb.org\/exams\/digital-exam-information\/\">https:\/\/nrsb.org\/exams\/digital-exam-information\/<\/a>\n<ul>\n<li aria-level=\"4\">Los resultados del examen tienen <strong>VALIDEZ DE 1\u00a0A\u00d1O DESPU\u00c9S DE LA FECHA DEL EXAMEN<\/strong> para fines de certificaci\u00f3n del NRSB.<\/li>\n<\/ul>\n<\/li>\n<\/ul>\n<ul>\n<li aria-level=\"2\">Si vas a realizar un proceso de mitigaci\u00f3n en un estado que requiere una licencia para operar, como solicitante debes proporcionar una copia de una licencia estatal v\u00e1lida. Si la licencia necesita la certificaci\u00f3n del NRSB, ind\u00edcalo. Tendr\u00e1s que enviar una copia de la licencia al NRSB para obtener una certificaci\u00f3n v\u00e1lida.<\/li>\n<li aria-level=\"2\">Los solicitantes deben proporcionar un ejemplo de cualquier garant\u00eda o respaldo proporcionado a los clientes, ya sea en la oferta de trabajo, el contrato o la solicitud de servicio (dondequiera que est\u00e9 escrito).<\/li>\n<\/ul>\n<\/li>\n<\/ul>\n<p><strong>Las solicitudes deben ser firmadas, fechadas y enviadas por correo, fax o correo electr\u00f3nico a<\/strong>:<\/p>\nNational Radon Safety Board<br \/>\n14 Hayes Street<br \/>\nElmsford, NY 10523<br \/>\nEmail:<a href=\"mailto:info@nrsbdev.wpenginepowered.com\">info@nrsbdev.wpenginepowered.com<br \/>\n<\/a>Fax: (914) 345-1169\n<p>La Oficina Administrativa del NRSB (Junta Nacional de Seguridad de Rad\u00f3n) revisa todas las solicitudes y, si la documentaci\u00f3n est\u00e1 en orden, emite la certificaci\u00f3n correspondiente. Se env\u00eda por correo electr\u00f3nico un certificado para colgar de 8&#8243; x 10&#8243; y una tarjeta de identificaci\u00f3n al solicitante. La informaci\u00f3n de certificaci\u00f3n individual se publica en el sitio web del NRSB.<\/p>\n<p>Si una solicitud est\u00e1 incompleta o no est\u00e1 en orden, se notifica al solicitante por tel\u00e9fono o correo electr\u00f3nico. Una vez corregidas las deficiencias en la solicitud, la certificaci\u00f3n es otorgada.<\/p>\n<p><em><strong>Una vez que reciben la solicitud inicial, los solicitantes tienen hasta 6\u00a0meses para completar el proceso.<\/strong><\/em><\/p>\n\n","protected":false},"excerpt":{"rendered":"<p>C\u00d3MO OBTENER LA CERTIFICACI\u00d3N DEL NRSB Antes de certificarte con el NRSB, debes asegurarte de cumplir con todas las regulaciones en los estados en los que prestar\u00e1s servicios de rad\u00f3n. Algunos estados tambi\u00e9n tienen requisitos para otorgar licencias. Te recomendamos que consultes con el representante estatal de rad\u00f3n para obtener informaci\u00f3n actualizada. El siguiente enlace&hellip;<\/p>\n","protected":false},"author":2,"featured_media":0,"parent":15386,"menu_order":0,"comment_status":"closed","ping_status":"closed","template":"","meta":{"_acf_changed":false,"inline_featured_image":false,"footnotes":""},"class_list":["post-15417","page","type-page","status-publish","hentry"],"acf":[],"_links":{"self":[{"href":"https:\/\/nrsb.org\/es\/wp-json\/wp\/v2\/pages\/15417","targetHints":{"allow":["GET"]}}],"collection":[{"href":"https:\/\/nrsb.org\/es\/wp-json\/wp\/v2\/pages"}],"about":[{"href":"https:\/\/nrsb.org\/es\/wp-json\/wp\/v2\/types\/page"}],"author":[{"embeddable":true,"href":"https:\/\/nrsb.org\/es\/wp-json\/wp\/v2\/users\/2"}],"replies":[{"embeddable":true,"href":"https:\/\/nrsb.org\/es\/wp-json\/wp\/v2\/comments?post=15417"}],"version-history":[{"count":0,"href":"https:\/\/nrsb.org\/es\/wp-json\/wp\/v2\/pages\/15417\/revisions"}],"up":[{"embeddable":true,"href":"https:\/\/nrsb.org\/es\/wp-json\/wp\/v2\/pages\/15386"}],"wp:attachment":[{"href":"https:\/\/nrsb.org\/es\/wp-json\/wp\/v2\/media?parent=15417"}],"curies":[{"name":"wp","href":"https:\/\/api.w.org\/{rel}","templated":true}]}}