{"id":15383,"date":"2024-08-28T06:21:57","date_gmt":"2024-08-28T06:21:57","guid":{"rendered":"https:\/\/nrsbesp.wpenginepowered.com\/digital-exam-information\/"},"modified":"2026-04-20T13:19:39","modified_gmt":"2026-04-20T13:19:39","slug":"digital-exam-information","status":"publish","type":"page","link":"https:\/\/nrsb.org\/es\/exams\/digital-exam-information\/","title":{"rendered":"Digital Exam Information"},"content":{"rendered":"\n<h2>\n\t\t\tInformaci\u00f3n del examen digital\t<\/h2>\n<strong>Consulta con el representante estatal de rad\u00f3n para ver si el estado donde trabajar\u00e1s tiene regulaciones.<\/strong><br \/>\nAqu\u00ed puedes encontrar la informaci\u00f3n de cada estado:<br \/>\n<a href=\"https:\/\/gispub.epa.gov\/radon\/\" target=\"_blank\" rel=\"noopener\">https:\/\/gispub.epa.gov\/radon\/<\/a>\n<strong>Si haces el examen del NRSB para obtener una licencia estatal, debes consultar con tu estado<\/strong><br \/>\n<strong>para asegurarte de presentar el examen correcto del NRSB.<\/strong><br \/>\nLas tarifas de los ex\u00e1menes no son reembolsables.\n<h2>\n\t\t\tInstrucciones especiales:\t<\/h2>\n\t<ul>\n<li>Los ex\u00e1menes no se pueden realizar en dispositivos m\u00f3viles (no tel\u00e9fonos ni tabletas). Solo puedes tomarlos en una computadora de escritorio o port\u00e1til.<\/li>\n<li>Los ex\u00e1menes incluyen un supervisor virtual en vivo.<\/li>\n<li>Los ex\u00e1menes son de opci\u00f3n m\u00faltiple y la persona examinada deber\u00e1 seleccionar la mejor respuesta.<\/li>\n<li>Se permite tener una hoja de papel para notas y un bol\u00edgrafo o l\u00e1piz durante el examen.<\/li>\n<li>Hay herramientas digitales disponibles que incluyen un bloc de notas, un formulario y una calculadora. Para acceder a ellos, haz clic en el bot\u00f3n \u00abHerramientas\u00bb en la parte superior derecha de la barra de men\u00fa.<\/li>\n<li>Tambi\u00e9n hay una casilla de verificaci\u00f3n para que marques preguntas para su revisi\u00f3n durante o antes de terminar el examen.<\/li>\n<li><a href=\"https:\/\/nrsbdev.wpenginepowered.com\/wp-content\/uploads\/2025\/01\/NRSB-Testing-Accommodation-Policy-FINAL-29Jul2024.pdf\">Pol\u00edtica de adaptaciones para personas con necesidades especiales<\/a><\/li>\n<\/ul>\n\t<p>Puedes revisar los requisitos del sistema para realizar un examen en el siguiente enlace:<\/p>\n<p><a title=\"https:\/\/support.proctor360.com\/hc\/365012637\/21\/system-requirements?category_id=1\" href=\"https:\/\/support.proctor360.com\/hc\/365012637\/21\/system-requirements?category_id=1\" target=\"_blank\" rel=\"noopener noreferrer\" data-auth=\"NotApplicable\" data-linkindex=\"0\">https:\/\/support.proctor360.com\/hc\/365012637\/21\/system-requirements?category_id=1<\/a><\/p>\n<strong>El examen es v\u00e1lido por un a\u00f1o para obtener la certificaci\u00f3n del NRSB.<br \/>\nSi no pasas el examen, puedes volver a registrarte despu\u00e9s de un periodo de espera de 14\u00a0d\u00edas.<br \/>\nLa puntuaci\u00f3n aprobatoria es 70% o m\u00e1s.<br \/>\nLas tarifas de los ex\u00e1menes no son reembolsables.<br \/>\n<\/strong>\n\t<p>Pasos:<\/p>\n1. Reg\u00edstrate y paga el examen.<br \/>\n2. Configura tu perfil en Prolydian.<br \/>\n3. Recibe un correo electr\u00f3nico de autorizaci\u00f3n para programar tu examen.<br \/>\n&#8211; Verifica tu zona horaria para asegurarte de que sea correcta.<br \/>\n&#8211; No puedes cancelar ni cambiar el d\u00eda ni la hora dentro de las 24\u00a0horas posteriores a la programaci\u00f3n del examen. Las tarifas de los ex\u00e1menes no son reembolsables.<br \/>\n4. Recibe un correo electr\u00f3nico de confirmaci\u00f3n de la fecha y hora de tu examen.<br \/>\n5. Si tienes alguna pregunta sobre el proceso de supervisi\u00f3n virtual, consulta el manual del candidato. Haz clic aqu\u00ed para ver el PDF \u00bb<br \/>\n6. Recibir\u00e1s un correo electr\u00f3nico preliminar despu\u00e9s de completar el examen con tu puntaje tentativo.<br \/>\n7. Una vez que tu examen haya sido auditado y finalizado (dentro de las 72\u00a0horas posteriores a su finalizaci\u00f3n), recibir\u00e1s otro correo electr\u00f3nico con el puntaje final, una carta de puntaje detallada e instrucciones sobre c\u00f3mo obtener la certificaci\u00f3n del NRSB.\n<h2>\n\t\t\tT\u00e9cnico en medici\u00f3n de rad\u00f3n (RMT)\t<\/h2>\n\t<p><em>Un RMT solo puede colocar y recuperar un dispositivo.<\/em><\/p>\n\tLos t\u00e9cnicos de medici\u00f3n est\u00e1n capacitados para colocar y recuperar dispositivos de medici\u00f3n con el fin de recopilar datos de rad\u00f3n. Esto debe hacerse de acuerdo con un programa activo de control de calidad bajo la supervisi\u00f3n de un Especialista certificado en medici\u00f3n de rad\u00f3n (RMS, por sus siglas en ingl\u00e9s) o un Laboratorio de rad\u00f3n acreditado (ARL, por sus siglas en ingl\u00e9s).<br \/>\n75\u00a0preguntas\/ 1.5\u00a0horas \/ $120\n\t\t\t<a href=\"https:\/\/app.prolydian.com\/TestAdministrationRegistration\/register-by-key\/QXJBzjw\"  target=\"_blank\" rel=\"noopener\"    rel=\"noopener\">\n\t\t\t\t\t\t\tSolicita y programa el examen para T\u00c9CNICO en medici\u00f3n de rad\u00f3n\n\t\t\t\t\t<\/a>\n<h2>\n\t\t\tEspecialista en MEDICI\u00d3N DE RAD\u00d3N (RMS)\t<\/h2>\n\t<p><em>Un RMS puede colocar, recuperar, leer las mediciones y firmar los informes de un dispositivo.<\/em><\/p>\n\t<p>Los especialistas en medici\u00f3n de rad\u00f3n est\u00e1n capacitados para colocar, recuperar, analizar las mediciones y firmar los informes. Un RMS tambi\u00e9n puede ser directamente responsable del funcionamiento y la supervisi\u00f3n del programa de control de calidad para el laboratorio de rad\u00f3n, la c\u00e1mara terciaria o secundaria.<\/p>\n<p>100\u00a0preguntas\/ 2\u00a0horas \/ $120<\/p>\n\t\t\t<a href=\"https:\/\/app.prolydian.com\/TestAdministrationRegistration\/register-by-key\/j2GYjmM\"  target=\"_blank\" rel=\"noopener\"    rel=\"noopener\">\n\t\t\t\t\t\t\tSolicita y programa el examen para ESPECIALISTA en medici\u00f3n de rad\u00f3n\n\t\t\t\t\t<\/a>\n<h2>\n\t\t\tEspecialista en MITIGACI\u00d3N de RAD\u00d3N (RRS)\t<\/h2>\n\t<p><em>Un RRS est\u00e1 capacitado para dise\u00f1ar e instalar un sistema de rehabilitaci\u00f3n de rad\u00f3n. Para obtener la certificaci\u00f3n, los candidatos deben tener conocimientos pr\u00e1cticos de las t\u00e9cnicas de medici\u00f3n de rad\u00f3n y los riesgos para la salud y deben demostrar un amplio conocimiento en todos los aspectos de la mitigaci\u00f3n del rad\u00f3n residencial.<\/em><\/p>\n\t<p><em>125\u00a0preguntas\/ 2.5\u00a0horas \/ $120<\/em><\/p>\n\t\t\t<a href=\"https:\/\/app.prolydian.com\/TestAdministrationRegistration\/register-by-key\/MkNfQxi\"  target=\"_blank\" rel=\"noopener\"    rel=\"noopener\">\n\t\t\t\t\t\t\tSolicita y programa el examen de Especialista en MITIGACI\u00d3N de rad\u00f3n\n\t\t\t\t\t<\/a>\n\n","protected":false},"excerpt":{"rendered":"<p>Informaci\u00f3n del examen digital Consulta con el representante estatal de rad\u00f3n para ver si el estado donde trabajar\u00e1s tiene regulaciones. Aqu\u00ed puedes encontrar la informaci\u00f3n de cada estado: https:\/\/gispub.epa.gov\/radon\/ Si haces el examen del NRSB para obtener una licencia estatal, debes consultar con tu estado para asegurarte de presentar el examen correcto del NRSB. Las&hellip;<\/p>\n","protected":false},"author":2,"featured_media":0,"parent":15531,"menu_order":0,"comment_status":"closed","ping_status":"closed","template":"","meta":{"_acf_changed":false,"inline_featured_image":false,"footnotes":""},"class_list":["post-15383","page","type-page","status-publish","hentry"],"acf":[],"_links":{"self":[{"href":"https:\/\/nrsb.org\/es\/wp-json\/wp\/v2\/pages\/15383","targetHints":{"allow":["GET"]}}],"collection":[{"href":"https:\/\/nrsb.org\/es\/wp-json\/wp\/v2\/pages"}],"about":[{"href":"https:\/\/nrsb.org\/es\/wp-json\/wp\/v2\/types\/page"}],"author":[{"embeddable":true,"href":"https:\/\/nrsb.org\/es\/wp-json\/wp\/v2\/users\/2"}],"replies":[{"embeddable":true,"href":"https:\/\/nrsb.org\/es\/wp-json\/wp\/v2\/comments?post=15383"}],"version-history":[{"count":0,"href":"https:\/\/nrsb.org\/es\/wp-json\/wp\/v2\/pages\/15383\/revisions"}],"up":[{"embeddable":true,"href":"https:\/\/nrsb.org\/es\/wp-json\/wp\/v2\/pages\/15531"}],"wp:attachment":[{"href":"https:\/\/nrsb.org\/es\/wp-json\/wp\/v2\/media?parent=15383"}],"curies":[{"name":"wp","href":"https:\/\/api.w.org\/{rel}","templated":true}]}}