{"id":15378,"date":"2024-08-23T12:00:42","date_gmt":"2024-08-23T12:00:42","guid":{"rendered":"https:\/\/nrsbesp.wpenginepowered.com\/contact-us\/"},"modified":"2026-04-20T07:13:53","modified_gmt":"2026-04-20T07:13:53","slug":"contact-us","status":"publish","type":"page","link":"https:\/\/nrsb.org\/es\/contact-us\/","title":{"rendered":"Contact Us"},"content":{"rendered":"\n<h2>\n\t\t\tCont\u00e1ctanos\t<\/h2>\n<h3>\n\t\t\tComun\u00edcate con nosotros\t<\/h3>\n<a href=\"tel:(914) 345-1168\">\n<img decoding=\"async\" src=\"\/wp-content\/uploads\/2024\/08\/call.svg\"\/>(914) 345-1168<\/a>\n<a href=\"tel:(914) 345-1169\">\n<img decoding=\"async\" src=\"https:\/\/nrsbdev.wpenginepowered.com\/wp-content\/uploads\/2024\/08\/directbox-default-2.svg\"\/>(914) 345-1169<\/a>\n<a href=\"mailto:info@nrsbdev.wpenginepowered.com\">\n<img decoding=\"async\" src=\"https:\/\/nrsbdev.wpenginepowered.com\/wp-content\/uploads\/2024\/08\/sms.svg\"\/>info@nrsbdev.wpenginepowered.com<\/a>\n<h3>\n\t\t\tDirecci\u00f3n\t<\/h3>\n<a href=\"tel:(914) 345-1168\">\n<img decoding=\"async\" src=\"\/wp-content\/uploads\/2024\/08\/location.svg\"\/>National Radon Safety Board (Junta Nacional de Seguridad de Rad\u00f3n) NRSB <br \/> 14 Hayes Street<br \/> Elmsford, Nueva\u00a0York, 10523<\/a>\n<figure itemscope itemtype=\"https:\/\/schema.org\/ImageObject\">\n\t\t\t\t<img decoding=\"async\" src=\"https:\/\/nrsb.org\/wp-content\/uploads\/2024\/08\/Rectangle-249.jpg\" alt=\"Rectangle 249\" height=\"716\" width=\"660\" title=\"Rectangle 249\" onerror=\"this.style.display='none'\" loading=\"lazy\" \/>\n\t<\/figure>\n\t\n<div class=\"wpcf7 no-js\" id=\"wpcf7-f86-o1\" lang=\"en-US\" dir=\"ltr\" data-wpcf7-id=\"86\">\n<div class=\"screen-reader-response\"><p role=\"status\" aria-live=\"polite\" aria-atomic=\"true\"><\/p> <ul><\/ul><\/div>\n<form action=\"\/es\/wp-json\/wp\/v2\/pages\/15378#wpcf7-f86-o1\" method=\"post\" class=\"wpcf7-form init\" aria-label=\"Contact form\" novalidate=\"novalidate\" data-status=\"init\">\n<fieldset class=\"hidden-fields-container\"><input type=\"hidden\" name=\"_wpcf7\" value=\"86\" \/><input type=\"hidden\" name=\"_wpcf7_version\" value=\"6.1.5\" \/><input type=\"hidden\" name=\"_wpcf7_locale\" value=\"en_US\" \/><input type=\"hidden\" name=\"_wpcf7_unit_tag\" value=\"wpcf7-f86-o1\" \/><input type=\"hidden\" name=\"_wpcf7_container_post\" value=\"0\" \/><input type=\"hidden\" name=\"_wpcf7_posted_data_hash\" value=\"\" \/>\n<\/fieldset>\n<div class=\"contact-form\">\n\t<div class=\"form-group\">\n\t\t<p><label>Name<\/label><br \/>\n<span class=\"wpcf7-form-control-wrap\" data-name=\"your-name\"><input size=\"40\" maxlength=\"400\" class=\"wpcf7-form-control wpcf7-text wpcf7-validates-as-required\" autocomplete=\"name\" aria-required=\"true\" aria-invalid=\"false\" value=\"\" type=\"text\" name=\"your-name\" \/><\/span>\n\t\t<\/p>\n\t<\/div>\n\t<div class=\"form-group\">\n\t\t<p><label>Email<\/label><br \/>\n<span class=\"wpcf7-form-control-wrap\" data-name=\"your-email\"><input size=\"40\" maxlength=\"400\" class=\"wpcf7-form-control wpcf7-email wpcf7-validates-as-required wpcf7-text wpcf7-validates-as-email\" autocomplete=\"email\" aria-required=\"true\" aria-invalid=\"false\" value=\"\" type=\"email\" name=\"your-email\" \/><\/span>\n\t\t<\/p>\n\t<\/div>\n\t<div class=\"form-group\">\n\t\t<p><label>Phone No<\/label><br \/>\n<span class=\"wpcf7-form-control-wrap\" data-name=\"number-834\"><input class=\"wpcf7-form-control wpcf7-number wpcf7-validates-as-number Phone No\" id=\"PhoneNo\" aria-invalid=\"false\" value=\"Phone No.\" type=\"number\" name=\"number-834\" \/><\/span>\n\t\t<\/p>\n\t<\/div>\n\t<div class=\"form-group\">\n\t\t<p><label>Message <\/label><br \/>\n<span class=\"wpcf7-form-control-wrap\" data-name=\"your-message\"><textarea cols=\"40\" rows=\"10\" maxlength=\"2000\" class=\"wpcf7-form-control wpcf7-textarea\" aria-invalid=\"false\" name=\"your-message\"><\/textarea><\/span>\n\t\t<\/p>\n\t<\/div>\n\t<div class=\"form-group1\">\n\t\t<p><input class=\"wpcf7-form-control wpcf7-submit has-spinner\" type=\"submit\" value=\"Submit\" \/>\n\t\t<\/p>\n\t<\/div>\n<\/div><div class=\"wpcf7-response-output\" aria-hidden=\"true\"><\/div>\n<\/form>\n<\/div>\n\n\n","protected":false},"excerpt":{"rendered":"<p>Cont\u00e1ctanos Comun\u00edcate con nosotros (914) 345-1168 (914) 345-1169 info@nrsbdev.wpenginepowered.com Direcci\u00f3n National Radon Safety Board (Junta Nacional de Seguridad de Rad\u00f3n) NRSB 14 Hayes Street Elmsford, Nueva\u00a0York, 10523<\/p>\n","protected":false},"author":2,"featured_media":0,"parent":0,"menu_order":0,"comment_status":"closed","ping_status":"closed","template":"","meta":{"_acf_changed":false,"inline_featured_image":false,"footnotes":""},"class_list":["post-15378","page","type-page","status-publish","hentry"],"acf":[],"_links":{"self":[{"href":"https:\/\/nrsb.org\/es\/wp-json\/wp\/v2\/pages\/15378","targetHints":{"allow":["GET"]}}],"collection":[{"href":"https:\/\/nrsb.org\/es\/wp-json\/wp\/v2\/pages"}],"about":[{"href":"https:\/\/nrsb.org\/es\/wp-json\/wp\/v2\/types\/page"}],"author":[{"embeddable":true,"href":"https:\/\/nrsb.org\/es\/wp-json\/wp\/v2\/users\/2"}],"replies":[{"embeddable":true,"href":"https:\/\/nrsb.org\/es\/wp-json\/wp\/v2\/comments?post=15378"}],"version-history":[{"count":0,"href":"https:\/\/nrsb.org\/es\/wp-json\/wp\/v2\/pages\/15378\/revisions"}],"wp:attachment":[{"href":"https:\/\/nrsb.org\/es\/wp-json\/wp\/v2\/media?parent=15378"}],"curies":[{"name":"wp","href":"https:\/\/api.w.org\/{rel}","templated":true}]}}