{"id":15377,"date":"2024-08-27T06:44:35","date_gmt":"2024-08-27T06:44:35","guid":{"rendered":"https:\/\/nrsbesp.wpenginepowered.com\/certification-revocation-appeals\/"},"modified":"2026-04-20T06:14:02","modified_gmt":"2026-04-20T06:14:02","slug":"certification-revocation-appeals","status":"publish","type":"page","link":"https:\/\/nrsb.org\/es\/for-professional\/certification-revocation-appeals\/","title":{"rendered":"Certification revocation appeals"},"content":{"rendered":"\n<h2>\n\t\t\tCertification revocation &#038; appeals\t<\/h2>\n\t<h4>Revocaci\u00f3n de certificaci\u00f3n y apelaciones La Junta puede revocar y denegar la certificaci\u00f3n, la acreditaci\u00f3n y la aprobaci\u00f3n de dispositivos en cualquier momento y por cualquier motivo que se determine que infringe los requerimientos de la Junta para dicha certificaci\u00f3n.<\/h4>\n<p>Cualquier persona para la cual la Junta contemple la revocaci\u00f3n ser\u00e1 notificada antes de dicha acci\u00f3n y tendr\u00e1 derecho a apelar.<\/p>\nLos certificados de los dispositivos de medici\u00f3n de rad\u00f3n pueden ser revocados por no cumplir con los requisitos de desempe\u00f1o.<br \/>\nLos programas de pruebas de rad\u00f3n pueden perder la certificaci\u00f3n por no usar un dispositivo de prueba certificado o por no cumplir con los requisitos de garant\u00eda de calidad.\n<p>Los laboratorios y c\u00e1maras de rad\u00f3n acreditados pueden perder la acreditaci\u00f3n por no demostrar los requisitos de desempe\u00f1o o no mantener un programa efectivo de control de calidad.<\/p>\n\n","protected":false},"excerpt":{"rendered":"<p>Certification revocation &#038; appeals Revocaci\u00f3n de certificaci\u00f3n y apelaciones La Junta puede revocar y denegar la certificaci\u00f3n, la acreditaci\u00f3n y la aprobaci\u00f3n de dispositivos en cualquier momento y por cualquier motivo que se determine que infringe los requerimientos de la Junta para dicha certificaci\u00f3n. Cualquier persona para la cual la Junta contemple la revocaci\u00f3n ser\u00e1&hellip;<\/p>\n","protected":false},"author":2,"featured_media":0,"parent":15386,"menu_order":0,"comment_status":"closed","ping_status":"closed","template":"","meta":{"_acf_changed":false,"inline_featured_image":false,"footnotes":""},"class_list":["post-15377","page","type-page","status-publish","hentry"],"acf":[],"_links":{"self":[{"href":"https:\/\/nrsb.org\/es\/wp-json\/wp\/v2\/pages\/15377","targetHints":{"allow":["GET"]}}],"collection":[{"href":"https:\/\/nrsb.org\/es\/wp-json\/wp\/v2\/pages"}],"about":[{"href":"https:\/\/nrsb.org\/es\/wp-json\/wp\/v2\/types\/page"}],"author":[{"embeddable":true,"href":"https:\/\/nrsb.org\/es\/wp-json\/wp\/v2\/users\/2"}],"replies":[{"embeddable":true,"href":"https:\/\/nrsb.org\/es\/wp-json\/wp\/v2\/comments?post=15377"}],"version-history":[{"count":0,"href":"https:\/\/nrsb.org\/es\/wp-json\/wp\/v2\/pages\/15377\/revisions"}],"up":[{"embeddable":true,"href":"https:\/\/nrsb.org\/es\/wp-json\/wp\/v2\/pages\/15386"}],"wp:attachment":[{"href":"https:\/\/nrsb.org\/es\/wp-json\/wp\/v2\/media?parent=15377"}],"curies":[{"name":"wp","href":"https:\/\/api.w.org\/{rel}","templated":true}]}}