{"id":15374,"date":"2024-08-26T06:19:20","date_gmt":"2024-08-26T06:19:20","guid":{"rendered":"https:\/\/nrsbesp.wpenginepowered.com\/consumer-faqs\/"},"modified":"2026-04-20T13:13:18","modified_gmt":"2026-04-20T13:13:18","slug":"consumer-faqs","status":"publish","type":"page","link":"https:\/\/nrsb.org\/es\/for-consumers\/consumer-faqs\/","title":{"rendered":"Consumer FAQs"},"content":{"rendered":"\n\n\t\t\t\t\t\t\t\t\t\t<h4 tabindex=\"0\">\u00bfQu\u00e9 es el rad\u00f3n?<\/h4>\n<p>El rad\u00f3n es un gas radiactivo que se ha detectado en viviendas de todo Estados\u00a0Unidos. Proviene de la descomposici\u00f3n natural del uranio en el suelo, las rocas y el agua, y se mezcla con el aire que respiras. Por lo general, el rad\u00f3n asciende desde el suelo hasta el aire de la superficie e ingresa a las viviendas a trav\u00e9s de grietas y otros orificios en los cimientos. El rad\u00f3n tambi\u00e9n puede ingresar a las viviendas a trav\u00e9s del agua de pozos. Tu vivienda podr\u00eda tener rad\u00f3n en su interior.<\/p>\n<p>El rad\u00f3n es un gas radiactivo natural que causa c\u00e1ncer pulmonar; es incoloro, inodoro e ins\u00edpido. Su presencia en tu vivienda representa un riesgo para la salud de tu familia. El rad\u00f3n es la principal causa de c\u00e1ncer pulmonar entre las personas no fumadoras. El rad\u00f3n es la segunda causa principal de c\u00e1ncer pulmonar en los Estados Unidos y se estima que 21,000\u00a0muertes por c\u00e1ncer pulmonar al a\u00f1o est\u00e1n relacionadas con este gas. Examina tu vivienda para detectar si hay gas rad\u00f3n. Considera tomar medidas si detectas niveles de rad\u00f3n entre 2 y 4\u00a0pCi\/L (74 y 148 Bq\/m3)<\/p>\n\t\t\t\t\t\t\t\t\t\t<h4 tabindex=\"0\">\u00bfLAS CASAS NUEVAS O ANTIGUAS SON M\u00c1S SUSCEPTIBLES AL RAD\u00d3N?<\/h4>\n<p>Cualquier vivienda puede tener un problema de rad\u00f3n. Esto incluye tanto viviendas nuevas como antiguas, viviendas bien selladas y con corrientes de aire, as\u00ed como viviendas con o sin s\u00f3tanos. De hecho, es muy probable que t\u00fa y tu familia reciban la mayor parte de la exposici\u00f3n a la radiaci\u00f3n en su vivienda, ya que ah\u00ed pasan la mayor parte de su tiempo.<\/p>\n<p>Se estima que casi uno de cada 15\u00a0viviendas en los Estados\u00a0Unidos tiene un nivel elevado de rad\u00f3n (4\u00a0pCi\/L (148 Bq\/m3) o m\u00e1s).<\/p>\n\t\t\t\t\t\t\t\t\t\t<h4 tabindex=\"0\">\u00bfQUI\u00c9N PUEDE HACER PRUEBAS DE RAD\u00d3N EN MI VIVIENDA?<\/h4>\n<p>Hiring a professional certified by the NRSB is a good way to ensure that your testing is done correctly. You can\u00a0<a href=\"https:\/\/nrsbdev.wpenginepowered.com\/find-a-pro\/\">search our database<\/a>\u00a0to find professionals in your area. There are Radon Measurement Specialists (RMS) and Radon Measurement Technicians (RMT). You can also test your home yourself by contacting one of our\u00a0<a href=\"https:\/\/nrsbdev.wpenginepowered.com\/find-a-pro\/\">Accredited Radon Laboratories (ARL)<\/a>.<\/p>\nSi los niveles de rad\u00f3n son elevados y deben ser mitigados, busca a nuestro\u00a0<a href=\"https:\/\/nrsbdev.wpenginepowered.com\/find-a-pro\/\"><br \/>\nEspecialista en mitigaci\u00f3n de rad\u00f3n (RRS, por sus siglas en ingl\u00e9s)<\/a>.\nAlgunos estados tienen regulaciones con respecto a las licencias y la certificaci\u00f3n. Visita el sitio web de la EPA en<br \/>\n<a href=\"https:\/\/www.epa.gov\/radon\/find-information-about-local-radon-zones-and-state-contact-information\" target=\"_blank\" rel=\"noopener noreferrer\"><br \/>\nhttps:\/\/www.epa.gov\/radon\/find-information-about-local-radon-zones-and-state-contact-information<br \/>\n<\/a><br \/>\npara encontrar el contacto de tu estado especializado en rad\u00f3n e informaci\u00f3n detallada.\n\t\t\t\t\t\t\t\t\t\t<h4 tabindex=\"0\">\u00bfQUI\u00c9N PUEDE SOLUCIONAR EL PROBLEMA DE RAD\u00d3N EN MI VIVIENDA?<\/h4>\nSi los niveles de rad\u00f3n son elevados y deben ser mitigados, busca a nuestro<br \/>\n<a href=\"https:\/\/nrsbdev.wpenginepowered.com\/find-a-pro\/\">Especialista en mitigaci\u00f3n de rad\u00f3n (RRS, por sus siglas en ingl\u00e9s)(RRS)<\/a>.\nAlgunos estados tienen regulaciones con respecto a las licencias y la certificaci\u00f3n. Visita el sitio web de la EPA en<br \/>\n<a href=\"www.epa.gov\/radon\/find-information-about-local-radon-zones-and-state-contact-information\" target=\"_blank\" rel=\"noopener noreferrer\"><br \/>\nhttps:\/\/www.epa.gov\/radon\/find-information-about-local-radon-zones-and-state-contact-information<br \/>\n<\/a> para encontrar el contacto de tu estado especializado en rad\u00f3n e informaci\u00f3n detallada.\n\t\t\t\t\t\t\t\t\t\t<h4 tabindex=\"0\">Can NRSB recommend an electronic radon measurement device that I can use myself?<\/h4>\n\t\t\t\t\t<p>In recent years, electronic radon monitors have been made available in retail outlets. These devices have not been evaluated or approved by the NRSB, and there is no national certification program to evaluate these consumer devices at present.<\/p>\n<p>Please note that there are many factors that can impact the radon readings made in your home. We recommend that you contact an NRSB-certified Radon Professional to test your home for you.<\/p>\n<p>Whether you elect to measure the Radon levels in your house on your own, or hire a Radon Measurement Specialist, it is VERY important to follow the instructions with the device and\/or the instructions provided by the Radon Measurement Specialist to obtain the most accurate results. Your health and that of your family members depend on it. To find an NRSB-certified professional in your area, use the link: <a href=\"https:\/\/nrsbdev.wpenginepowered.com\/for-professional\/\">https:\/\/nrsbdev.wpenginepowered.com\/for-professional\/<\/a>.<\/p>\n\n","protected":false},"excerpt":{"rendered":"<p>\u00bfQu\u00e9 es el rad\u00f3n? El rad\u00f3n es un gas radiactivo que se ha detectado en viviendas de todo Estados\u00a0Unidos. Proviene de la descomposici\u00f3n natural del uranio en el suelo, las rocas y el agua, y se mezcla con el aire que respiras. Por lo general, el rad\u00f3n asciende desde el suelo hasta el aire de&hellip;<\/p>\n","protected":false},"author":2,"featured_media":0,"parent":15530,"menu_order":0,"comment_status":"closed","ping_status":"closed","template":"","meta":{"_acf_changed":false,"inline_featured_image":false,"footnotes":""},"class_list":["post-15374","page","type-page","status-publish","hentry"],"acf":[],"_links":{"self":[{"href":"https:\/\/nrsb.org\/es\/wp-json\/wp\/v2\/pages\/15374","targetHints":{"allow":["GET"]}}],"collection":[{"href":"https:\/\/nrsb.org\/es\/wp-json\/wp\/v2\/pages"}],"about":[{"href":"https:\/\/nrsb.org\/es\/wp-json\/wp\/v2\/types\/page"}],"author":[{"embeddable":true,"href":"https:\/\/nrsb.org\/es\/wp-json\/wp\/v2\/users\/2"}],"replies":[{"embeddable":true,"href":"https:\/\/nrsb.org\/es\/wp-json\/wp\/v2\/comments?post=15374"}],"version-history":[{"count":0,"href":"https:\/\/nrsb.org\/es\/wp-json\/wp\/v2\/pages\/15374\/revisions"}],"up":[{"embeddable":true,"href":"https:\/\/nrsb.org\/es\/wp-json\/wp\/v2\/pages\/15530"}],"wp:attachment":[{"href":"https:\/\/nrsb.org\/es\/wp-json\/wp\/v2\/media?parent=15374"}],"curies":[{"name":"wp","href":"https:\/\/api.w.org\/{rel}","templated":true}]}}