{"id":15373,"date":"2024-08-26T07:14:21","date_gmt":"2024-08-26T07:14:21","guid":{"rendered":"https:\/\/nrsbesp.wpenginepowered.com\/consumer-glossary\/"},"modified":"2026-04-21T09:07:13","modified_gmt":"2026-04-21T09:07:13","slug":"consumer-glossary","status":"publish","type":"page","link":"https:\/\/nrsb.org\/es\/for-consumers\/consumer-glossary\/","title":{"rendered":"Consumer Glossary"},"content":{"rendered":"\n\n\t<strong>T\u00e9cnico en medici\u00f3n de rad\u00f3n<br \/>\n<\/strong>Personas capacitadas y certificadas en los fundamentos para hacer pruebas de rad\u00f3n. Esto requiere una comprensi\u00f3n b\u00e1sica del rad\u00f3n y sus riesgos asociados para la salud, as\u00ed como un conocimiento profundo de las t\u00e9cnicas de medici\u00f3n y los protocolos de prueba.\n<p>La certificaci\u00f3n como T\u00e9cnico de medici\u00f3n de rad\u00f3n del NRSB (Junta Nacional de Seguridad de Rad\u00f3n) requiere:<\/p>\n<ul>\n<li>Ocho horas de formaci\u00f3n presencial sobre la naturaleza del rad\u00f3n, la entrada de rad\u00f3n en los edificios, los riesgos fundamentales del rad\u00f3n para la salud, la salud y la seguridad ocupacionales, los dispositivos y t\u00e9cnicas de medici\u00f3ny los protocolos actuales de rad\u00f3n.<\/li>\n<li>Aprobaci\u00f3n satisfactoria del examen basado en esta informaci\u00f3n.<\/li>\n<li>Ocho horas de educaci\u00f3n continua cada dos a\u00f1os (es decir, cuatro horas por a\u00f1o).<\/li>\n<li>Cumplimiento del C\u00f3digo de \u00c9tica del NRSB (Junta Nacional de Seguridad de Rad\u00f3n)<\/li>\n<\/ul>\n<p>Los t\u00e9cnicos de medici\u00f3n est\u00e1n capacitados para colocar y recuperar dispositivos de medici\u00f3n con el fin de recopilar datos de rad\u00f3n. Esto debe hacerse de acuerdo con un programa activo de control de calidad bajo la supervisi\u00f3n de un Especialista certificado en medici\u00f3n de rad\u00f3n (RMS, por sus siglas en ingl\u00e9s) o un Laboratorio de rad\u00f3n acreditado (ARL, por sus siglas en ingl\u00e9s).<\/p>\n<strong>Especialista en medici\u00f3n de rad\u00f3n<br \/>\n<\/strong>Un Especialista en medici\u00f3n de rad\u00f3n requiere conocimientos significativamente m\u00e1s profundos que los de un t\u00e9cnico. Adem\u00e1s de la capacitaci\u00f3n b\u00e1sica en los fundamentos relacionados con las mediciones de rad\u00f3n, un Especialista en medici\u00f3n de rad\u00f3n (RMS) certificado debe demostrar conocimientos b\u00e1sicos de la f\u00edsica de la radiaci\u00f3n, una comprensi\u00f3n de la evaluaci\u00f3n de riesgos, la evidencia epidemiol\u00f3gica de los riesgos del rad\u00f3n para la salud y las diferencias entre varios dispositivos y t\u00e9cnicas para medir el rad\u00f3n y los productos de la descomposici\u00f3n del rad\u00f3n. El Especialista en medici\u00f3n de rad\u00f3n certificado por el NRSB tambi\u00e9n debe comprender la importancia de la seguridad radiol\u00f3gica y ser capaz de dise\u00f1ar e implementar un programa de control de calidad.\n<p>Para estar certificado como Especialista en medici\u00f3n de rad\u00f3n por el NRSB, los candidatos deben cumplir con los siguientes requisitos:<\/p>\n<ul>\n<li>Diecis\u00e9is horas de formaci\u00f3n presencial sobre la naturaleza del rad\u00f3n, la entrada de rad\u00f3n en los edificios, los riesgos fundamentales del rad\u00f3n para la salud, la salud y la seguridad ocupacionales, los dispositivos y t\u00e9cnicas de medici\u00f3n y los protocolos actuales de rad\u00f3n<\/li>\n<li>Aprobaci\u00f3n satisfactoria de un examen basado en esta informaci\u00f3n<\/li>\n<li>Diecis\u00e9is horas de educaci\u00f3n continua cada dos a\u00f1os (es decir, ocho horas por a\u00f1o).<\/li>\n<li>Cumplimiento del C\u00f3digo de \u00c9tica del NRSB (Junta Nacional de Seguridad de Rad\u00f3n)<\/li>\n<\/ul>\n<p>Los Especialistas en medici\u00f3n de rad\u00f3n est\u00e1n capacitados para analizar, en lugar de simplemente informar, las mediciones de rad\u00f3n de manera congruente con el conocimiento actual.<\/p>\n<strong>Especialista en mitigaci\u00f3n de rad\u00f3n<br \/>\n<\/strong>Los requisitos del NRSB para obtener la certificaci\u00f3n como Especialista en mitigaci\u00f3n de rad\u00f3n (RRS) son esencialmente iguales a los establecidos por el Programa de competencia de rad\u00f3n de la EPA para la mitigaci\u00f3n del rad\u00f3n. Para obtener la certificaci\u00f3n, los candidatos deben tener conocimientos pr\u00e1cticos de las t\u00e9cnicas de medici\u00f3n del rad\u00f3n y los riesgos para la salud y deben demostrar un amplio conocimiento en todos los aspectos de la mitigaci\u00f3n del rad\u00f3n residencial.<br \/>\nLos requisitos para obtener la certificaci\u00f3n como Especialista en mitigaci\u00f3n de rad\u00f3n son:\n<ul>\n<li>Treinta y dos horas de capacitaci\u00f3n, incluidas m\u00ednimo ocho horas de experiencia pr\u00e1ctica<\/li>\n<li>Aprobaci\u00f3n satisfactoria de un examen basado en esta informaci\u00f3n.<\/li>\n<li>Diecis\u00e9is horas de educaci\u00f3n continua cada dos a\u00f1os (es decir, ocho horas por a\u00f1o).<\/li>\n<li>Cumplimiento del C\u00f3digo de \u00c9tica del NRSB (Junta Nacional de Seguridad de Rad\u00f3n).<\/li>\n<\/ul>\n<p>Esto incluye la capacidad de evaluar la calidad de las mediciones de rad\u00f3n, evaluar estrategias alternativas de mitigaci\u00f3n y dise\u00f1ar e instalar adecuadamente sistemas de control efectivos.<\/p>\n<strong>Acreditaci\u00f3n para laboratorios de rad\u00f3n<\/strong><br \/>\nPara obtener la acreditaci\u00f3n del NRSB (Junta Nacional de Seguridad de Rad\u00f3n), los laboratorios deber\u00e1n demostrar que tienen programas exhaustivos de control de calidad (QAP, por sus siglas en ingl\u00e9s) y procedimientos operativos est\u00e1ndar (SOP, por sus siglas en ingl\u00e9s) claramente definidos.\n<p>Esos QAP y SOP deben cubrir todos los aspectos de las operaciones del laboratorio y deben:<\/p>\n<ul>\n<li>Establecer educaci\u00f3n, capacitaci\u00f3n y un programa de seguridad de rad\u00f3n adecuados para todo el personal del laboratorio.<\/li>\n<li>Asegurar que todo el personal cumpla con el QAP del laboratorio.<\/li>\n<li>Incluir pruebas ciegas e intercomparaciones con otros laboratorios acreditados por el NRSB; los laboratorios, las c\u00e1maras de rad\u00f3n o los laboratorios federales deben realizarse de forma rutinaria.<\/li>\n<li>Los QAP deben incluir medidas adecuadas de control de calidad, incluidos blancos, duplicados y picos, para determinar los l\u00edmites inferiores de detecci\u00f3n, la precisi\u00f3n y la exactitud de las mediciones<\/li>\n<\/ul>\n<p>Los solicitantes deben especificar qu\u00e9 dispositivos utiliza el laboratorio para realizar el an\u00e1lisis de rad\u00f3n y mencionar el c\u00f3digo NRSB de cada uno de los dispositivos en la solicitud.<\/p>\n<p>Los laboratorios deben presentar los resultados actuales de la prueba de competencia de todos los dispositivos utilizados para realizar el an\u00e1lisis de rad\u00f3n y para los cuales la ARL debe mantener un listado de competencia (como carb\u00f3n activado, centelleo l\u00edquido, c\u00e1mara de iones electret, pista alfa, monitor continuo de rad\u00f3n y monitor continuo de nivel de trabajo). Para realizar una prueba de competencia, los laboratorios acreditados deben enviar los dispositivos a una c\u00e1mara de rad\u00f3n secundaria acreditada para determinar su exposici\u00f3n a concentraciones conocidas. Se espera que los laboratorios acreditados proporcionen resultados de medici\u00f3n que est\u00e9n dentro de un rango del +25% del valor objetivo.<\/p>\n<p>Un Especialista en medici\u00f3n de rad\u00f3n (RMS) del NRSB debe estar afiliado al laboratorio y aparecer en la solicitud. Los requisitos de certificaci\u00f3n en RMS se mencionan anteriormente.<\/p>\n<p>A la espera de la implementaci\u00f3n de criterios formales y detallados para la acreditaci\u00f3n de laboratorios, el NRSB aceptar\u00e1 solicitudes de acreditaci\u00f3n provisional de laboratorios basadas en la acreditaci\u00f3n estatal o la inclusi\u00f3n en la lista de la EPA (Agencia de Protecci\u00f3n Ambiental de Estados Unidos), por sus siglas en ingl\u00e9s.<\/p>\n<strong>Acreditaci\u00f3n para c\u00e1maras de rad\u00f3n<br \/>\n<\/strong>El objetivo de acreditar las c\u00e1maras de rad\u00f3n es establecer criterios para garantizar que los dispositivos de medici\u00f3n sean capaces de funcionar de manera predecible en una amplia gama de condiciones ambientales. Una c\u00e1mara debe poder simular de manera sistem\u00e1tica y confiable condiciones similares a las encontradas en las pruebas reales de rad\u00f3n.\n<p>Los criterios b\u00e1sicos para la acreditaci\u00f3n de las c\u00e1maras incluyen:<\/p>\n<ul>\n<li>Capacidad suficiente para evaluar m\u00faltiples instrumentos simult\u00e1neamente.<\/li>\n<li>Controles ambientales variables capaces de simular y monitorear continuamente una variedad de condiciones ambientales, incluida la temperatura, la humedad, la ventilaci\u00f3n y la concentraci\u00f3n de part\u00edculas.<\/li>\n<li>Fuentes de RA-226 puro y tor\u00f3n rastreables a un laboratorio oficial de est\u00e1ndares.<\/li>\n<li>Concentraciones variables de rad\u00f3n de 2 pCi\/L a 50 pCi\/L con progenie de rad\u00f3n en el rango de 0.0001 a 0.4 WL, rastreables a una agencia oficial; es conveniente una relaci\u00f3n de equilibrio variable de 0.3 a 0.7.<\/li>\n<li>Los est\u00e1ndares de radiaci\u00f3n deben aplicarse estrictamente para minimizar las exposiciones ocupacionales.<\/li>\n<li>Operadores de c\u00e1mara calificados con una amplia experiencia y conocimiento en el desarrollo de instrumentos, el uso de protocolos y conocimientos profundos de los procedimientos de control de calidad.<\/li>\n<li>Un programa de intercomparaciones para c\u00e1maras.<\/li>\n<\/ul>\n<h2>\n\t\t\tM\u00c9TODOS DE MEDICI\u00d3N DEL GAS RAD\u00d3N\t<\/h2>\n\t\t\t\t\t\t\t\t\t\t<h4 tabindex=\"0\">AC: ADSORCI\u00d3N DE CARB\u00d3N ACTIVADO<\/h4>\nEn este m\u00e9todo, se abre un recipiente herm\u00e9tico con carb\u00f3n activado en el \u00e1rea que se va a muestrear y el rad\u00f3n en el aire se adsorbe con los gr\u00e1nulos de carb\u00f3n. Al final del periodo de muestreo, el recipiente es sellado y puede enviarse a un laboratorio para su an\u00e1lisis. La descomposici\u00f3n gamma del rad\u00f3n adsorbido con el carb\u00f3n se cuenta con un detector de centelleo y se utiliza un c\u00e1lculo basado en la informaci\u00f3n de calibraci\u00f3n para calcular la concentraci\u00f3n de rad\u00f3n en el sitio de la muestra. Los detectores de adsorci\u00f3n de carb\u00f3n, dependiendo del dise\u00f1o, se utilizan de 2 a 7\u00a0d\u00edas. Debido a que el carb\u00f3n permite la adsorci\u00f3n y desorci\u00f3n continua de rad\u00f3n, el m\u00e9todo no proporciona una verdadera medici\u00f3n integrada durante el tiempo de exposici\u00f3n. Usar una barrera de difusi\u00f3n sobre el carb\u00f3n reduce los efectos de las corrientes de aire y la alta humedad.\n\t\t\t\t\t\t\t\t\t\t<h4 tabindex=\"0\">AT: DETECCI\u00d3N DE PISTA ALFA (FILTRADA)<\/h4>\n<p>En este m\u00e9todo, el detector es una peque\u00f1a pieza de pl\u00e1stico especial o pel\u00edcula dentro de un peque\u00f1o recipiente. El aire a prueba se difunde a trav\u00e9s de un filtro que cubre un orificio en el recipiente. Cuando las part\u00edculas alfa del rad\u00f3n y los productos de su descomposici\u00f3n golpean el detector, causan da\u00f1os. Al final de la prueba, el recipiente se sella y devuelve a un laboratorio para su lectura.<\/p>\n<p>El detector de pl\u00e1stico o pel\u00edcula se trata para mejorar las pistas de da\u00f1o; luego, las pistas en un \u00e1rea predeterminada se cuentan con un microscopio o lector \u00f3ptico. El n\u00famero de pistas por \u00e1rea contada se utiliza para calcular la concentraci\u00f3n de rad\u00f3n del sitio sometido a prueba. La exposici\u00f3n de los detectores de pista alfa suele ser de 3 a 12\u00a0meses, pero debido a que son verdaderos dispositivos de integraci\u00f3n, los detectores de pista alfa pueden estar expuestos durante periodos m\u00e1s cortos al medir concentraciones m\u00e1s altas de rad\u00f3n.<\/p>\n\t\t\t\t\t\t\t\t\t\t<h4 tabindex=\"0\">UT: DETECCI\u00d3N DE PISTA SIN FILTRAR<\/h4>\n<p>El detector de pista alfa sin filtrar funciona con el mismo principio que el detector de pista alfa, excepto que no hay filtro presente para eliminar los productos de la descomposici\u00f3n del rad\u00f3n y otros emisores de part\u00edculas alfa. Sin un filtro, la concentraci\u00f3n de productos de la descomposici\u00f3n del rad\u00f3n que se descomponen dentro del \u00abrango de impacto\u00bb del detector depende de la relaci\u00f3n de equilibrio de los productos de la descomposici\u00f3n del rad\u00f3n con respecto al rad\u00f3n presente en el \u00e1rea sometida a prueba, no simplemente de la concentraci\u00f3n de rad\u00f3n. Los detectores sin filtrar que usan pel\u00edcula de nitrato de celulosa presentan una dependencia energ\u00e9tica que hace que los productos de la descomposici\u00f3n del rad\u00f3n que se depositan en el detector no sean registrados.<\/p>\n<p>Este fen\u00f3meno disminuye, pero no compensa totalmente, la dependencia del factor de calibraci\u00f3n de la relaci\u00f3n de equilibrio. Por esta raz\u00f3n, la EPA recomienda actualmente que estos dispositivos no se utilicen si la fracci\u00f3n de equilibrio es inferior a 0.35 o superior a 0.60 sin ajustar el factor de calibraci\u00f3n.<\/p>\n\t\t\t\t\t\t\t\t\t\t<h4 tabindex=\"0\">LS &#8211; CENTELLEO L\u00cdQUIDO DE CARB\u00d3N<\/h4>\n<p>Este m\u00e9todo emplea un peque\u00f1o vial que contiene carb\u00f3n activado para tomar muestras del rad\u00f3n. Despu\u00e9s de un periodo de exposici\u00f3n de 2 a 7\u00a0d\u00edas (dependiendo del dise\u00f1o), el vial se sella y devuelve a un laboratorio para su an\u00e1lisis. Si bien la adsorci\u00f3n de rad\u00f3n en el carb\u00f3n es la misma que para el m\u00e9todo AC, el an\u00e1lisis se realiza tratando el carb\u00f3n con un l\u00edquido de centelleo y luego analizando el l\u00edquido con un contador de centelleo. La concentraci\u00f3n de rad\u00f3n del sitio de la muestra se determina mediante la conversi\u00f3n de los recuentos por minuto.<\/p>\n\t\t\t\t\t\t\t\t\t\t<h4 tabindex=\"0\">CR &#8211; MONITOREO CONTINUO DE RAD\u00d3N<\/h4>\n<p>Esta categor\u00eda de m\u00e9todo incluye los dispositivos que registran mediciones continuas de gas rad\u00f3n en tiempo real. El aire se bombea o se difunde en una c\u00e1mara de conteo. La c\u00e1mara de conteo es normalmente una celda de centelleo o c\u00e1mara de ionizaci\u00f3n. El recuento de centelleo es procesado por un sistema electr\u00f3nico y las concentraciones de rad\u00f3n de los intervalos predeterminados se almacenan en la memoria del instrumento o se transmiten directamente a una impresora.<\/p>\n\t\t\t\t\t\t\t\t\t\t<h4 tabindex=\"0\">EL: C\u00c1MARA DE IONES ELECTRET, A LARGO PLAZO<\/h4>\n<p>En este m\u00e9todo, un detector de disco con carga electrost\u00e1tica (electret) est\u00e1 situado dentro de un peque\u00f1o recipiente (c\u00e1mara de iones). Durante el periodo de medici\u00f3n, el rad\u00f3n se difunde a trav\u00e9s de una abertura cubierta por un filtro en la c\u00e1mara, donde la ionizaci\u00f3n resultante de la descomposici\u00f3n del rad\u00f3n y su progenie reduce el voltaje en el electret. Un factor de calibraci\u00f3n relaciona la ca\u00edda de voltaje medida con la concentraci\u00f3n de rad\u00f3n. Las variaciones en el dise\u00f1o del electret determinan si los detectores son apropiados para realizar mediciones a largo o corto plazo. Los detectores EL pueden utilizarse de 1 a 12\u00a0meses. Dado que las c\u00e1maras de iones electret son verdaderos detectores de integraci\u00f3n, las tipo EL pueden exponerse a intervalos m\u00e1s cortos si los niveles de rad\u00f3n son lo suficientemente altos.<\/p>\n\t\t\t\t\t\t\t\t\t\t<h4 tabindex=\"0\">ES: C\u00c1MARA DE IONES ELECTRET, A CORTO PLAZO<\/h4>\n<p>En este m\u00e9todo, un detector de disco con carga electrost\u00e1tica (electret) est\u00e1 situado dentro de un peque\u00f1o recipiente (c\u00e1mara de iones). Durante el periodo de medici\u00f3n, el rad\u00f3n se difunde a trav\u00e9s de una abertura cubierta por un filtro en la c\u00e1mara, donde la ionizaci\u00f3n resultante de la descomposici\u00f3n del rad\u00f3n y su progenie reduce el voltaje en el electret. Un factor de calibraci\u00f3n relaciona la ca\u00edda de voltaje medida con la concentraci\u00f3n de rad\u00f3n. Las variaciones en el dise\u00f1o del electret determinan si los detectores son apropiados para realizar mediciones a largo o corto plazo. Los detectores ES pueden utilizarse de 2 a 7\u00a0d\u00edas. Dado que las c\u00e1maras de iones electret son verdaderos detectores de integraci\u00f3n, las tipo ES pueden exponerse a intervalos m\u00e1s largos si los niveles de rad\u00f3n son lo suficientemente bajos.<\/p>\n\t\t\t\t\t\t\t\t\t\t<h4 tabindex=\"0\">GC: MUESTREO ASISTEM\u00c1TICO DE RAD\u00d3N CON CARB\u00d3N ACTIVADO<\/h4>\n<p>Este m\u00e9todo requiere que un t\u00e9cnico experto tome muestras de rad\u00f3n utilizando una bomba o un ventilador para extraer aire a trav\u00e9s de un cartucho lleno de carb\u00f3n activado. Dependiendo del dise\u00f1o del cartucho y del flujo de aire, el muestreo tarda de 15\u00a0minutos a 1\u00a0hora. Despu\u00e9s de tomar las muestras, el cartucho se coloca en un recipiente sellado y se lleva a un laboratorio donde el an\u00e1lisis es aproximadamente el mismo que para los m\u00e9todos AC o LS.<\/p>\n\t\t\t\t\t\t\t\t\t\t<h4 tabindex=\"0\">GB: MUESTREO ASISTEM\u00c1TICO DE RAD\u00d3N CON BOLSA PLEGABLE Y BOMBA<\/h4>\n<p>Este m\u00e9todo utiliza una bolsa para muestra hecha de material impermeable al rad\u00f3n. En el sitio de la muestra, un t\u00e9cnico experto llena la bolsa de aire con una bomba port\u00e1til y luego la transporta al laboratorio para su an\u00e1lisis. Por lo general, el m\u00e9todo de an\u00e1lisis es transferir aire de la bolsa a una celda de centelleo y realizar el an\u00e1lisis de la manera descrita en el m\u00e9todo de captura asistem\u00e1tica de rad\u00f3n\/celda de centelleo (GS) a continuaci\u00f3n.<\/p>\n\t\t\t\t\t\t\t\t\t\t<h4 tabindex=\"0\">GS: MUESTREO ASISTEM\u00c1TICO DE RAD\u00d3N CON C\u00c9LULA DE CENTELLEO<\/h4>\n<p>En este m\u00e9todo, un operador experto extrae aire con un filtro para eliminar los productos de la descomposici\u00f3n del rad\u00f3n en una celda de centelleo, ya sea abriendo una v\u00e1lvula en una celda de centelleo previamente vaciada con una bomba de vac\u00edo o extrayendo aire a trav\u00e9s de la celda hasta que el aire dentro de la celda est\u00e9 en equilibrio con que se est\u00e1 muestreando y despu\u00e9s se sella. Para analizar la muestra de aire, el extremo de la ventana de la celda se coloca en un tubo fotomultiplicador para contar los centelleos (pulsos de luz) producidos cuando las part\u00edculas alfa de la descomposici\u00f3n del rad\u00f3n golpean el recubrimiento de sulfuro de zinc en el interior de la celda. Se realiza un c\u00e1lculo para convertir los recuentos en concentraciones de rad\u00f3n.<\/p>\n\t\t\t\t\t\t\t\t\t\t<h4 tabindex=\"0\">SC: CELDA DE CENTELLEO VACIADA CON INTEGRACI\u00d3N DE TRES D\u00cdAS<\/h4>\n<p>En este m\u00e9todo, una celda de centelleo est\u00e1 equipada con una v\u00e1lvula reductora y un man\u00f3metro de presi\u00f3n negativa. Antes de la implementaci\u00f3n, la celda de centelleo se vac\u00eda. En la zona de muestreo, un t\u00e9cnico experto observa la lectura de presi\u00f3n negativa y abre la v\u00e1lvula. El flujo a trav\u00e9s de la v\u00e1lvula es lo suficientemente lento como para que se necesite m\u00e1s del periodo de muestra de 3\u00a0d\u00edas para llenar la celda. Al final del periodo de muestreo, el t\u00e9cnico cierra la v\u00e1lvula, anota la lectura del man\u00f3metro de presi\u00f3n negativa y lleva la celda al laboratorio. Los procedimientos de an\u00e1lisis son casi iguales a los del m\u00e9todo GS antes descrito. Una variaci\u00f3n de este m\u00e9todo implica el uso de la v\u00e1lvula anterior en un recipiente r\u00edgido que requiere que el aire muestreado se transfiera a una celda de centelleo para su an\u00e1lisis.<\/p>\n\t\t\t\t\t\t\t\t\t\t<h4 tabindex=\"0\">PB: BOLSA PLEGABLE Y BOMBA (1 D\u00cdA)<\/h4>\nEn este m\u00e9todo, se llena una bolsa de muestra impermeable al rad\u00f3n durante un periodo de 24\u00a0horas. Por lo general, esto se logra mediante una bomba \u00abprogramada\u00bb para bombear peque\u00f1as cantidades de aire en intervalos predeterminados durante el periodo de muestreo. Despu\u00e9s del muestreo, los procedimientos de an\u00e1lisis son similares a los del m\u00e9todo GB\n\t\t\t<a href=\"https:\/\/nrsb.org\/es\/for-consumers\/consumer-faqs\/\"  target=\"_blank\" rel=\"noopener\"    rel=\"noopener\">\n\t\t\t\t\t\t\tPreguntas frecuentes de los usuarios\n\t\t\t\t\t<\/a>\n\n","protected":false},"excerpt":{"rendered":"<p>T\u00e9cnico en medici\u00f3n de rad\u00f3n Personas capacitadas y certificadas en los fundamentos para hacer pruebas de rad\u00f3n. Esto requiere una comprensi\u00f3n b\u00e1sica del rad\u00f3n y sus riesgos asociados para la salud, as\u00ed como un conocimiento profundo de las t\u00e9cnicas de medici\u00f3n y los protocolos de prueba. La certificaci\u00f3n como T\u00e9cnico de medici\u00f3n de rad\u00f3n del&hellip;<\/p>\n","protected":false},"author":2,"featured_media":0,"parent":15530,"menu_order":0,"comment_status":"closed","ping_status":"closed","template":"","meta":{"_acf_changed":false,"inline_featured_image":false,"footnotes":""},"class_list":["post-15373","page","type-page","status-publish","hentry"],"acf":[],"_links":{"self":[{"href":"https:\/\/nrsb.org\/es\/wp-json\/wp\/v2\/pages\/15373","targetHints":{"allow":["GET"]}}],"collection":[{"href":"https:\/\/nrsb.org\/es\/wp-json\/wp\/v2\/pages"}],"about":[{"href":"https:\/\/nrsb.org\/es\/wp-json\/wp\/v2\/types\/page"}],"author":[{"embeddable":true,"href":"https:\/\/nrsb.org\/es\/wp-json\/wp\/v2\/users\/2"}],"replies":[{"embeddable":true,"href":"https:\/\/nrsb.org\/es\/wp-json\/wp\/v2\/comments?post=15373"}],"version-history":[{"count":0,"href":"https:\/\/nrsb.org\/es\/wp-json\/wp\/v2\/pages\/15373\/revisions"}],"up":[{"embeddable":true,"href":"https:\/\/nrsb.org\/es\/wp-json\/wp\/v2\/pages\/15530"}],"wp:attachment":[{"href":"https:\/\/nrsb.org\/es\/wp-json\/wp\/v2\/media?parent=15373"}],"curies":[{"name":"wp","href":"https:\/\/api.w.org\/{rel}","templated":true}]}}