{"id":15366,"date":"2024-08-27T13:20:18","date_gmt":"2024-08-27T13:20:18","guid":{"rendered":"https:\/\/nrsbesp.wpenginepowered.com\/about-nrsb-2\/"},"modified":"2026-04-17T14:10:43","modified_gmt":"2026-04-17T14:10:43","slug":"about-nrsb","status":"publish","type":"page","link":"https:\/\/nrsb.org\/es\/about\/about-nrsb\/","title":{"rendered":"About nrsb"},"content":{"rendered":"\n<h2>\n\t\t\tAbout NRSB\t<\/h2>\n<h2>\n\t\t\tEl programa de certificaci\u00f3n del NRSB (Junta Nacional de Seguridad de Rad\u00f3n) ofrece certificaci\u00f3n, acreditaci\u00f3n y aprobaci\u00f3n independientes para las siguientes categor\u00edas de proveedores de servicios de rad\u00f3n:\t<\/h2>\n\t<ul>\n<li>Certificaci\u00f3n para especialistas y t\u00e9cnicos en medici\u00f3n de rad\u00f3n<\/li>\n<li>Certificaci\u00f3n para especialistas en mitigaci\u00f3n de rad\u00f3n<\/li>\n<li>Acreditaci\u00f3n para laboratorios de rad\u00f3n<br \/>\nAcreditaci\u00f3n para c\u00e1maras de rad\u00f3n<\/li>\n<li>Aprobaci\u00f3n para dispositivos de medici\u00f3n de rad\u00f3n<\/li>\n<\/ul>\nAlgunos estados tienen programas de certificaci\u00f3n o registro de rad\u00f3n. Ponte en contacto con el programa de rad\u00f3n del estado para obtener una lista completa de qui\u00e9n puede proporcionar servicios legalmente en tu \u00e1rea.<br \/>\nPuedes encontrar el contacto de tu programa en:\u00a0https:\/\/geopub.epa.gov\/Radon\/\n\n","protected":false},"excerpt":{"rendered":"<p>About NRSB El programa de certificaci\u00f3n del NRSB (Junta Nacional de Seguridad de Rad\u00f3n) ofrece certificaci\u00f3n, acreditaci\u00f3n y aprobaci\u00f3n independientes para las siguientes categor\u00edas de proveedores de servicios de rad\u00f3n: Certificaci\u00f3n para especialistas y t\u00e9cnicos en medici\u00f3n de rad\u00f3n Certificaci\u00f3n para especialistas en mitigaci\u00f3n de rad\u00f3n Acreditaci\u00f3n para laboratorios de rad\u00f3n Acreditaci\u00f3n para c\u00e1maras de&hellip;<\/p>\n","protected":false},"author":2,"featured_media":0,"parent":15370,"menu_order":0,"comment_status":"closed","ping_status":"closed","template":"","meta":{"_acf_changed":false,"inline_featured_image":false,"footnotes":""},"class_list":["post-15366","page","type-page","status-publish","hentry"],"acf":[],"_links":{"self":[{"href":"https:\/\/nrsb.org\/es\/wp-json\/wp\/v2\/pages\/15366","targetHints":{"allow":["GET"]}}],"collection":[{"href":"https:\/\/nrsb.org\/es\/wp-json\/wp\/v2\/pages"}],"about":[{"href":"https:\/\/nrsb.org\/es\/wp-json\/wp\/v2\/types\/page"}],"author":[{"embeddable":true,"href":"https:\/\/nrsb.org\/es\/wp-json\/wp\/v2\/users\/2"}],"replies":[{"embeddable":true,"href":"https:\/\/nrsb.org\/es\/wp-json\/wp\/v2\/comments?post=15366"}],"version-history":[{"count":0,"href":"https:\/\/nrsb.org\/es\/wp-json\/wp\/v2\/pages\/15366\/revisions"}],"up":[{"embeddable":true,"href":"https:\/\/nrsb.org\/es\/wp-json\/wp\/v2\/pages\/15370"}],"wp:attachment":[{"href":"https:\/\/nrsb.org\/es\/wp-json\/wp\/v2\/media?parent=15366"}],"curies":[{"name":"wp","href":"https:\/\/api.w.org\/{rel}","templated":true}]}}